{"id":2191,"date":"2021-08-24T15:38:28","date_gmt":"2021-08-24T20:38:28","guid":{"rendered":"https:\/\/route66rv.com\/politique-de-confidentialite\/"},"modified":"2021-08-24T15:38:28","modified_gmt":"2021-08-24T20:38:28","slug":"politique-de-confidentialite","status":"publish","type":"page","link":"https:\/\/route66rv.com\/fr\/politique-de-confidentialite\/","title":{"rendered":"Politique de confidentialit\u00e9"},"content":{"rendered":"<p><strong>Qui sommes-nous ?  <\/strong><\/p>\n<p><strong>ROUTE 66 RV Network<\/strong> respecte la vie priv\u00e9e de ses clients. La d\u00e9claration de confidentialit\u00e9 suivante d\u00e9crit les informations que nous recueillons aupr\u00e8s de nos visiteurs, qui a acc\u00e8s \u00e0 ces informations et comment nous les utilisons.<\/p>\n<p>Le site Web du ROUTE <strong>66 RV Network<\/strong> est exploit\u00e9 par <strong>RideDigital<\/strong>, une filiale du ROUTE 66 RV Network. Le R\u00e9seau ROUTE <strong>66 RV<\/strong> est le seul propri\u00e9taire de toutes les informations collect\u00e9es sur ce site. Les informations personnelles que vous nous fournissez et les informations relatives \u00e0 votre commande ne seront jamais communiqu\u00e9es \u00e0 des tiers, sauf dans le but d&rsquo;ex\u00e9cuter votre commande <strong>ou<\/strong> lorsque la loi l&rsquo;exige.  <strong>ROUTE 66 RV Network<\/strong> utilise des cookies et des pixels de collecte de donn\u00e9es pour recueillir des informations anonymes sur nos utilisateurs et leurs interactions avec notre site Web. Ces donn\u00e9es sont utilis\u00e9es de mani\u00e8re globale pour analyser l&rsquo;efficacit\u00e9 de notre site web et nous aider \u00e0 am\u00e9liorer nos services.<\/p>\n<p><strong>Cookies :  <\/strong><\/p>\n<p>Les cookies sont des \u00e9l\u00e9ments d&rsquo;information que nous stockons automatiquement sur votre ordinateur si celui-ci les accepte. Les cookies ne contiennent aucune information personnelle identifiable telle que votre nom, votre adresse ou toute information financi\u00e8re sur votre ordinateur. Nous utilisons des cookies pour vous reconna\u00eetre et reconna\u00eetre vos pr\u00e9f\u00e9rences afin de faciliter vos achats et de vous offrir une exp\u00e9rience personnalis\u00e9e sur notre site web.  <strong>ROUTE 66 RV Network<\/strong> place un num\u00e9ro d&rsquo;identification d&rsquo;utilisateur unique sur votre cookie qui nous permet d&rsquo;acc\u00e9der \u00e0 des informations qui am\u00e9lioreront votre exp\u00e9rience d&rsquo;achat, telles que le maintien des articles dans votre sac d&rsquo;achat, l&rsquo;acc\u00e8s \u00e0 vos adresses, ou la fourniture de pages personnalis\u00e9es bas\u00e9es sur vos pr\u00e9f\u00e9rences d&rsquo;affichage ou d&rsquo;achat pass\u00e9es. Nous utilisons \u00e9galement des cookies pour suivre le trafic dans les diff\u00e9rentes parties de notre site web afin d&rsquo;apporter des am\u00e9liorations et d&rsquo;optimiser votre exp\u00e9rience d&rsquo;achat.<\/p>\n<p>Si vous ne souhaitez pas qu&rsquo;un cookie soit install\u00e9 sur votre syst\u00e8me, vous pouvez configurer les pr\u00e9f\u00e9rences de votre navigateur pour qu&rsquo;il les refuse. Pour d\u00e9sactiver les cookies, veuillez consulter la section d&rsquo;aide de votre navigateur. Veuillez noter que certaines parties de notre site peuvent n\u00e9cessiter l&rsquo;utilisation de cookies pour \u00eatre pleinement fonctionnelles.<\/p>\n<p><strong>Protection des donn\u00e9es personnelles :<\/strong><\/p>\n<p>Conform\u00e9ment \u00e0 la loi de 1998 sur la protection de la vie priv\u00e9e des enfants en ligne (Children&rsquo;s Online Privacy Protection Act), nous ne demanderons jamais sciemment d&rsquo;informations personnellement identifiables \u00e0 une personne \u00e2g\u00e9e de moins de 13 ans sans l&rsquo;accord pr\u00e9alable v\u00e9rifiable de ses parents.<\/p>\n<p>Nous ne fournissons pas d&rsquo;adresses \u00e9lectroniques \u00e0 des tiers. Cependant, si vous achetez de la marchandise par l&rsquo;interm\u00e9diaire de <strong>ROUTE 66 RV Network<\/strong> ou si vous \u00eates ajout\u00e9 \u00e0 la liste de diffusion de notre catalogue, votre nom et votre adresse postale seront ajout\u00e9s \u00e0 notre liste de diffusion et \u00e0 notre base de donn\u00e9es. ROUTE <strong>66 RV Network<\/strong> prend toutes les pr\u00e9cautions n\u00e9cessaires pour prot\u00e9ger les informations de ses utilisateurs. Lorsque vous soumettez des informations sensibles via le site web, celles-ci sont prot\u00e9g\u00e9es \u00e0 la fois en ligne et hors ligne.<\/p>\n<p>Lorsque vous saisissez des informations sensibles (telles qu&rsquo;un num\u00e9ro de carte de cr\u00e9dit) sur nos formulaires d&rsquo;inscription ou de commande, ces informations sont crypt\u00e9es et prot\u00e9g\u00e9es par la technologie de cryptage Secure Sockets Layer (SSL).<\/p>\n<p>Bien que nous utilisions le cryptage SSL pour prot\u00e9ger les informations sensibles en ligne, nous faisons \u00e9galement tout ce qui est en notre pouvoir pour prot\u00e9ger les informations des utilisateurs hors ligne. Toutes les informations de nos utilisateurs, et pas seulement les informations sensibles mentionn\u00e9es ci-dessus, sont restreintes dans nos bureaux. Seuls les employ\u00e9s qui ont besoin de ces informations pour effectuer un travail sp\u00e9cifique (par exemple, un repr\u00e9sentant du service client\u00e8le) ont acc\u00e8s aux informations personnelles identifiables.<\/p>\n<p>En outre, tous les employ\u00e9s sont tenus au courant de nos pratiques en mati\u00e8re de s\u00e9curit\u00e9 et de protection de la vie priv\u00e9e. Nos employ\u00e9s sont r\u00e9guli\u00e8rement inform\u00e9s et rappel\u00e9s de l&rsquo;importance que nous accordons \u00e0 la protection de la vie priv\u00e9e et de ce qu&rsquo;ils peuvent faire pour garantir la protection des informations de nos clients. Enfin, les serveurs sur lesquels nous stockons des informations personnellement identifiables sont conserv\u00e9s dans un environnement s\u00e9curis\u00e9. <strong>Si vous avez des questions sur la s\u00e9curit\u00e9 de notre site web, envoyez-nous un courriel<\/strong>.<\/p>\n","protected":false},"excerpt":{"rendered":"<p>Qui sommes-nous ? ROUTE 66 RV Network respecte la vie priv\u00e9e de ses clients. La d\u00e9claration de confidentialit\u00e9 suivante d\u00e9crit les informations que nous recueillons aupr\u00e8s de nos visiteurs, qui a acc\u00e8s \u00e0 ces informations et comment nous les utilisons. Le site Web du ROUTE 66 RV Network est exploit\u00e9 par RideDigital, une filiale du [&hellip;]<\/p>\n","protected":false},"author":1,"featured_media":0,"parent":0,"menu_order":0,"comment_status":"closed","ping_status":"open","template":"","meta":{"footnotes":""},"class_list":["post-2191","page","type-page","status-publish","hentry"],"yoast_head":"<!-- This site is optimized with the Yoast SEO plugin v27.3 - https:\/\/yoast.com\/product\/yoast-seo-wordpress\/ -->\n<title>Politique de confidentialit\u00e9 - Route 66 RV Network<\/title>\n<meta name=\"robots\" content=\"index, follow, max-snippet:-1, max-image-preview:large, max-video-preview:-1\" \/>\n<link rel=\"canonical\" href=\"https:\/\/route66rv.com\/politique-de-confidentialite\/\" \/>\n<meta property=\"og:locale\" content=\"fr_FR\" \/>\n<meta property=\"og:type\" content=\"article\" \/>\n<meta property=\"og:title\" content=\"Politique de confidentialit\u00e9 - Route 66 RV Network\" \/>\n<meta property=\"og:description\" content=\"Qui sommes-nous ? ROUTE 66 RV Network respecte la vie priv\u00e9e de ses clients. La d\u00e9claration de confidentialit\u00e9 suivante d\u00e9crit les informations que nous recueillons aupr\u00e8s de nos visiteurs, qui a acc\u00e8s \u00e0 ces informations et comment nous les utilisons. Le site Web du ROUTE 66 RV Network est exploit\u00e9 par RideDigital, une filiale du [&hellip;]\" \/>\n<meta property=\"og:url\" content=\"https:\/\/route66rv.com\/politique-de-confidentialite\/\" \/>\n<meta property=\"og:site_name\" content=\"Route 66 RV Network\" \/>\n<meta name=\"twitter:card\" content=\"summary_large_image\" \/>\n<meta name=\"twitter:label1\" content=\"Dur\u00e9e de lecture estim\u00e9e\" \/>\n\t<meta name=\"twitter:data1\" content=\"4 minutes\" \/>\n<script type=\"application\/ld+json\" class=\"yoast-schema-graph\">{\"@context\":\"https:\\\/\\\/schema.org\",\"@graph\":[{\"@type\":\"WebPage\",\"@id\":\"https:\\\/\\\/route66rv.com\\\/politique-de-confidentialite\\\/\",\"url\":\"https:\\\/\\\/route66rv.com\\\/politique-de-confidentialite\\\/\",\"name\":\"Politique de confidentialit\u00e9 - Route 66 RV Network\",\"isPartOf\":{\"@id\":\"https:\\\/\\\/route66rv.com\\\/#website\"},\"datePublished\":\"2021-08-24T20:38:28+00:00\",\"breadcrumb\":{\"@id\":\"https:\\\/\\\/route66rv.com\\\/politique-de-confidentialite\\\/#breadcrumb\"},\"inLanguage\":\"fr-FR\",\"potentialAction\":[{\"@type\":\"ReadAction\",\"target\":[\"https:\\\/\\\/route66rv.com\\\/politique-de-confidentialite\\\/\"]}]},{\"@type\":\"BreadcrumbList\",\"@id\":\"https:\\\/\\\/route66rv.com\\\/politique-de-confidentialite\\\/#breadcrumb\",\"itemListElement\":[{\"@type\":\"ListItem\",\"position\":1,\"name\":\"Home\",\"item\":\"https:\\\/\\\/route66rv.com\\\/\"},{\"@type\":\"ListItem\",\"position\":2,\"name\":\"Politique de confidentialit\u00e9\"}]},{\"@type\":\"WebSite\",\"@id\":\"https:\\\/\\\/route66rv.com\\\/#website\",\"url\":\"https:\\\/\\\/route66rv.com\\\/\",\"name\":\"Route 66 RV Network\",\"description\":\"Wherever the road takes you... You can count on us!\",\"publisher\":{\"@id\":\"https:\\\/\\\/route66rv.com\\\/#organization\"},\"potentialAction\":[{\"@type\":\"SearchAction\",\"target\":{\"@type\":\"EntryPoint\",\"urlTemplate\":\"https:\\\/\\\/route66rv.com\\\/?s={search_term_string}\"},\"query-input\":{\"@type\":\"PropertyValueSpecification\",\"valueRequired\":true,\"valueName\":\"search_term_string\"}}],\"inLanguage\":\"fr-FR\"},{\"@type\":\"Organization\",\"@id\":\"https:\\\/\\\/route66rv.com\\\/#organization\",\"name\":\"Route 66 RV Network\",\"url\":\"https:\\\/\\\/route66rv.com\\\/\",\"logo\":{\"@type\":\"ImageObject\",\"inLanguage\":\"fr-FR\",\"@id\":\"https:\\\/\\\/route66rv.com\\\/#\\\/schema\\\/logo\\\/image\\\/\",\"url\":\"https:\\\/\\\/route66rv.com\\\/wp-content\\\/uploads\\\/2021\\\/08\\\/r66-3d_white.png\",\"contentUrl\":\"https:\\\/\\\/route66rv.com\\\/wp-content\\\/uploads\\\/2021\\\/08\\\/r66-3d_white.png\",\"width\":539,\"height\":584,\"caption\":\"Route 66 RV Network\"},\"image\":{\"@id\":\"https:\\\/\\\/route66rv.com\\\/#\\\/schema\\\/logo\\\/image\\\/\"}}]}<\/script>\n<!-- \/ Yoast SEO plugin. -->","yoast_head_json":{"title":"Politique de confidentialit\u00e9 - Route 66 RV Network","robots":{"index":"index","follow":"follow","max-snippet":"max-snippet:-1","max-image-preview":"max-image-preview:large","max-video-preview":"max-video-preview:-1"},"canonical":"https:\/\/route66rv.com\/politique-de-confidentialite\/","og_locale":"fr_FR","og_type":"article","og_title":"Politique de confidentialit\u00e9 - Route 66 RV Network","og_description":"Qui sommes-nous ? ROUTE 66 RV Network respecte la vie priv\u00e9e de ses clients. La d\u00e9claration de confidentialit\u00e9 suivante d\u00e9crit les informations que nous recueillons aupr\u00e8s de nos visiteurs, qui a acc\u00e8s \u00e0 ces informations et comment nous les utilisons. Le site Web du ROUTE 66 RV Network est exploit\u00e9 par RideDigital, une filiale du [&hellip;]","og_url":"https:\/\/route66rv.com\/politique-de-confidentialite\/","og_site_name":"Route 66 RV Network","twitter_card":"summary_large_image","twitter_misc":{"Dur\u00e9e de lecture estim\u00e9e":"4 minutes"},"schema":{"@context":"https:\/\/schema.org","@graph":[{"@type":"WebPage","@id":"https:\/\/route66rv.com\/politique-de-confidentialite\/","url":"https:\/\/route66rv.com\/politique-de-confidentialite\/","name":"Politique de confidentialit\u00e9 - Route 66 RV Network","isPartOf":{"@id":"https:\/\/route66rv.com\/#website"},"datePublished":"2021-08-24T20:38:28+00:00","breadcrumb":{"@id":"https:\/\/route66rv.com\/politique-de-confidentialite\/#breadcrumb"},"inLanguage":"fr-FR","potentialAction":[{"@type":"ReadAction","target":["https:\/\/route66rv.com\/politique-de-confidentialite\/"]}]},{"@type":"BreadcrumbList","@id":"https:\/\/route66rv.com\/politique-de-confidentialite\/#breadcrumb","itemListElement":[{"@type":"ListItem","position":1,"name":"Home","item":"https:\/\/route66rv.com\/"},{"@type":"ListItem","position":2,"name":"Politique de confidentialit\u00e9"}]},{"@type":"WebSite","@id":"https:\/\/route66rv.com\/#website","url":"https:\/\/route66rv.com\/","name":"Route 66 RV Network","description":"Wherever the road takes you... You can count on us!","publisher":{"@id":"https:\/\/route66rv.com\/#organization"},"potentialAction":[{"@type":"SearchAction","target":{"@type":"EntryPoint","urlTemplate":"https:\/\/route66rv.com\/?s={search_term_string}"},"query-input":{"@type":"PropertyValueSpecification","valueRequired":true,"valueName":"search_term_string"}}],"inLanguage":"fr-FR"},{"@type":"Organization","@id":"https:\/\/route66rv.com\/#organization","name":"Route 66 RV Network","url":"https:\/\/route66rv.com\/","logo":{"@type":"ImageObject","inLanguage":"fr-FR","@id":"https:\/\/route66rv.com\/#\/schema\/logo\/image\/","url":"https:\/\/route66rv.com\/wp-content\/uploads\/2021\/08\/r66-3d_white.png","contentUrl":"https:\/\/route66rv.com\/wp-content\/uploads\/2021\/08\/r66-3d_white.png","width":539,"height":584,"caption":"Route 66 RV Network"},"image":{"@id":"https:\/\/route66rv.com\/#\/schema\/logo\/image\/"}}]}},"_links":{"self":[{"href":"https:\/\/route66rv.com\/fr\/wp-json\/wp\/v2\/pages\/2191","targetHints":{"allow":["GET"]}}],"collection":[{"href":"https:\/\/route66rv.com\/fr\/wp-json\/wp\/v2\/pages"}],"about":[{"href":"https:\/\/route66rv.com\/fr\/wp-json\/wp\/v2\/types\/page"}],"author":[{"embeddable":true,"href":"https:\/\/route66rv.com\/fr\/wp-json\/wp\/v2\/users\/1"}],"replies":[{"embeddable":true,"href":"https:\/\/route66rv.com\/fr\/wp-json\/wp\/v2\/comments?post=2191"}],"version-history":[{"count":0,"href":"https:\/\/route66rv.com\/fr\/wp-json\/wp\/v2\/pages\/2191\/revisions"}],"wp:attachment":[{"href":"https:\/\/route66rv.com\/fr\/wp-json\/wp\/v2\/media?parent=2191"}],"curies":[{"name":"wp","href":"https:\/\/api.w.org\/{rel}","templated":true}]}}