{"id":2190,"date":"2022-01-03T15:22:22","date_gmt":"2022-01-03T21:22:22","guid":{"rendered":"https:\/\/route66rv.com\/koa\/"},"modified":"2023-06-06T15:58:34","modified_gmt":"2023-06-06T20:58:34","slug":"koa","status":"publish","type":"page","link":"https:\/\/route66rv.com\/fr\/koa\/","title":{"rendered":"KOA"},"content":{"rendered":"\t\t<div data-elementor-type=\"wp-page\" data-elementor-id=\"2190\" class=\"elementor elementor-2190 elementor-431\" data-elementor-post-type=\"page\">\n\t\t\t\t\t\t<section class=\"elementor-section elementor-top-section elementor-element elementor-element-fe0463d elementor-section-boxed elementor-section-height-default elementor-section-height-default\" data-id=\"fe0463d\" data-element_type=\"section\" data-e-type=\"section\">\n\t\t\t\t\t\t<div class=\"elementor-container elementor-column-gap-default\">\n\t\t\t\t\t<div class=\"elementor-column elementor-col-50 elementor-top-column elementor-element elementor-element-6739033\" data-id=\"6739033\" data-element_type=\"column\" data-e-type=\"column\">\n\t\t\t<div class=\"elementor-widget-wrap elementor-element-populated\">\n\t\t\t\t\t\t<div class=\"elementor-element elementor-element-7aed87f elementor-widget elementor-widget-image\" data-id=\"7aed87f\" data-element_type=\"widget\" data-e-type=\"widget\" data-widget_type=\"image.default\">\n\t\t\t\t<div class=\"elementor-widget-container\">\n\t\t\t\t\t\t\t\t\t\t\t\t\t\t\t<img fetchpriority=\"high\" decoding=\"async\" width=\"579\" height=\"420\" src=\"https:\/\/route66rv.com\/wp-content\/uploads\/2022\/01\/KOAImage.jpg\" class=\"attachment-full size-full wp-image-1940\" alt=\"\" srcset=\"https:\/\/route66rv.com\/wp-content\/uploads\/2022\/01\/KOAImage.jpg 579w, https:\/\/route66rv.com\/wp-content\/uploads\/2022\/01\/KOAImage-300x218.jpg 300w\" sizes=\"(max-width: 579px) 100vw, 579px\" \/>\t\t\t\t\t\t\t\t\t\t\t\t\t\t\t<\/div>\n\t\t\t\t<\/div>\n\t\t\t\t\t<\/div>\n\t\t<\/div>\n\t\t\t\t<div class=\"elementor-column elementor-col-50 elementor-top-column elementor-element elementor-element-29cf6f5\" data-id=\"29cf6f5\" data-element_type=\"column\" data-e-type=\"column\">\n\t\t\t<div class=\"elementor-widget-wrap elementor-element-populated\">\n\t\t\t\t\t\t<div class=\"elementor-element elementor-element-9f92c2f elementor-widget elementor-widget-heading\" data-id=\"9f92c2f\" data-element_type=\"widget\" data-e-type=\"widget\" data-widget_type=\"heading.default\">\n\t\t\t\t<div class=\"elementor-widget-container\">\n\t\t\t\t\t<h1 class=\"elementor-heading-title elementor-size-default\">Membres du club RV  <br>obtenez 10% de r\u00e9duction sur toutes les nuits dans n'importe quel KOA*.<\/h1>\t\t\t\t<\/div>\n\t\t\t\t<\/div>\n\t\t\t\t<div class=\"elementor-element elementor-element-5d41db6 elementor-widget elementor-widget-text-editor\" data-id=\"5d41db6\" data-element_type=\"widget\" data-e-type=\"widget\" data-widget_type=\"text-editor.default\">\n\t\t\t\t<div class=\"elementor-widget-container\">\n\t\t\t\t\t\t\t\t\t<p>Kampgrounds of America d\u00e9finit le camping depuis plus de cinq d\u00e9cennies. Aujourd&rsquo;hui, nous red\u00e9finissons votre prochaine exp\u00e9rience en plein air.<\/p>\n<p>Que vous ayez besoin d&rsquo;un site parfait pour vous garer lors de votre prochain voyage en camping-car ou d&rsquo;un endroit confortable o\u00f9 vous et vos enfants pourrez planter votre tente pour le week-end, KOA est s\u00fbr d&rsquo;avoir le camping id\u00e9al pour vous. Au KOA, nous aidons les gens \u00e0 sortir parce que nous savons que cela les change \u00e0 l&rsquo;int\u00e9rieur.  <\/p>\n<p>Vous n&rsquo;\u00eates pas membre du Club RV ?  <a href=\"https:\/\/route66rv.wpengine.com\/route-66-rv-club\/\">Rejoignez-nous d\u00e8s aujourd&rsquo;hui !<\/a><\/p>\n\t\t\t\t\t\t\t\t<\/div>\n\t\t\t\t<\/div>\n\t\t\t\t<div class=\"elementor-element elementor-element-8a1b6e0 elementor-widget elementor-widget-button\" data-id=\"8a1b6e0\" data-element_type=\"widget\" data-e-type=\"widget\" data-widget_type=\"button.default\">\n\t\t\t\t<div class=\"elementor-widget-container\">\n\t\t\t\t\t\t\t\t\t<div class=\"elementor-button-wrapper\">\n\t\t\t\t\t<a class=\"elementor-button elementor-button-link elementor-size-sm\" href=\"https:\/\/koa.com\/\" target=\"_blank\">\n\t\t\t\t\t\t<span class=\"elementor-button-content-wrapper\">\n\t\t\t\t\t\t\t\t\t<span class=\"elementor-button-text\">R\u00e9servez votre prochain s\u00e9jour<\/span>\n\t\t\t\t\t<\/span>\n\t\t\t\t\t<\/a>\n\t\t\t\t<\/div>\n\t\t\t\t\t\t\t\t<\/div>\n\t\t\t\t<\/div>\n\t\t\t\t<div class=\"elementor-element elementor-element-6ea5fcf elementor-widget elementor-widget-text-editor\" data-id=\"6ea5fcf\" data-element_type=\"widget\" data-e-type=\"widget\" data-widget_type=\"text-editor.default\">\n\t\t\t\t<div class=\"elementor-widget-container\">\n\t\t\t\t\t\t\t\t\t<p>*S&rsquo;applique au taux d&rsquo;enregistrement journalier. Non valable avec les offres sp\u00e9ciales, les tarifs hebdomadaires, mensuels ou saisonniers, et non cumulable avec d&rsquo;autres offres.<\/p>\n\t\t\t\t\t\t\t\t<\/div>\n\t\t\t\t<\/div>\n\t\t\t\t\t<\/div>\n\t\t<\/div>\n\t\t\t\t\t<\/div>\n\t\t<\/section>\n\t\t\t\t<section class=\"elementor-section elementor-top-section elementor-element elementor-element-b926f80 elementor-section-boxed elementor-section-height-default elementor-section-height-default\" data-id=\"b926f80\" data-element_type=\"section\" data-e-type=\"section\" data-settings=\"{&quot;background_background&quot;:&quot;classic&quot;}\">\n\t\t\t\t\t\t<div class=\"elementor-container elementor-column-gap-default\">\n\t\t\t\t\t<div class=\"elementor-column elementor-col-25 elementor-top-column elementor-element elementor-element-8a30aa7\" data-id=\"8a30aa7\" data-element_type=\"column\" data-e-type=\"column\">\n\t\t\t<div class=\"elementor-widget-wrap elementor-element-populated\">\n\t\t\t\t\t\t<div class=\"elementor-element elementor-element-7ce3222 elementor-widget elementor-widget-image\" data-id=\"7ce3222\" data-element_type=\"widget\" data-e-type=\"widget\" data-widget_type=\"image.default\">\n\t\t\t\t<div class=\"elementor-widget-container\">\n\t\t\t\t\t\t\t\t\t\t\t\t\t\t\t<img decoding=\"async\" width=\"160\" height=\"183\" src=\"https:\/\/route66rv.com\/wp-content\/uploads\/2022\/02\/KOACampingIcon2x.png\" class=\"attachment-large size-large wp-image-1943\" alt=\"\" \/>\t\t\t\t\t\t\t\t\t\t\t\t\t\t\t<\/div>\n\t\t\t\t<\/div>\n\t\t\t\t<div class=\"elementor-element elementor-element-b3c906b elementor-widget elementor-widget-heading\" data-id=\"b3c906b\" data-element_type=\"widget\" data-e-type=\"widget\" data-widget_type=\"heading.default\">\n\t\t\t\t<div class=\"elementor-widget-container\">\n\t\t\t\t\t<h3 class=\"elementor-heading-title elementor-size-default\">Le camping, c'est pour tout le monde<\/h3>\t\t\t\t<\/div>\n\t\t\t\t<\/div>\n\t\t\t\t<div class=\"elementor-element elementor-element-d848929 elementor-widget elementor-widget-text-editor\" data-id=\"d848929\" data-element_type=\"widget\" data-e-type=\"widget\" data-widget_type=\"text-editor.default\">\n\t\t\t\t<div class=\"elementor-widget-container\">\n\t\t\t\t\t\t\t\t\t<p>Le camping s&rsquo;adresse \u00e0 tout le monde, des plus anciens membres de la famille aux petits campeurs qui font leur premi\u00e8re randonn\u00e9e. Que vous souhaitiez vous d\u00e9tendre, explorer ou vous retrouver, les terrains de camping KOA sont l&rsquo;endroit id\u00e9al pour cr\u00e9er des souvenirs avec ceux que vous aimez.<\/p>\n\t\t\t\t\t\t\t\t<\/div>\n\t\t\t\t<\/div>\n\t\t\t\t\t<\/div>\n\t\t<\/div>\n\t\t\t\t<div class=\"elementor-column elementor-col-25 elementor-top-column elementor-element elementor-element-e5cd95a\" data-id=\"e5cd95a\" data-element_type=\"column\" data-e-type=\"column\">\n\t\t\t<div class=\"elementor-widget-wrap elementor-element-populated\">\n\t\t\t\t\t\t<div class=\"elementor-element elementor-element-b398ad5 elementor-widget elementor-widget-image\" data-id=\"b398ad5\" data-element_type=\"widget\" data-e-type=\"widget\" data-widget_type=\"image.default\">\n\t\t\t\t<div class=\"elementor-widget-container\">\n\t\t\t\t\t\t\t\t\t\t\t\t\t\t\t<img decoding=\"async\" width=\"166\" height=\"182\" src=\"https:\/\/route66rv.com\/wp-content\/uploads\/2022\/02\/KOAGatewayIcon2x.png\" class=\"attachment-large size-large wp-image-1945\" alt=\"\" \/>\t\t\t\t\t\t\t\t\t\t\t\t\t\t\t<\/div>\n\t\t\t\t<\/div>\n\t\t\t\t<div class=\"elementor-element elementor-element-7eca185 elementor-widget elementor-widget-heading\" data-id=\"7eca185\" data-element_type=\"widget\" data-e-type=\"widget\" data-widget_type=\"heading.default\">\n\t\t\t\t<div class=\"elementor-widget-container\">\n\t\t\t\t\t<h3 class=\"elementor-heading-title elementor-size-default\">La porte de l'aventure<\/h3>\t\t\t\t<\/div>\n\t\t\t\t<\/div>\n\t\t\t\t<div class=\"elementor-element elementor-element-1cf11da elementor-widget elementor-widget-text-editor\" data-id=\"1cf11da\" data-element_type=\"widget\" data-e-type=\"widget\" data-widget_type=\"text-editor.default\">\n\t\t\t\t<div class=\"elementor-widget-container\">\n\t\t\t\t\t\t\t\t\t<p>Les terrains de camping KOA sont des oasis parfaites apr\u00e8s une journ\u00e9e pass\u00e9e sur la route. Que ce soit en cours de route ou pour une escapade rapide, ils ont tout pr\u00e9vu. Situ\u00e9s \u00e0 proximit\u00e9 des autoroutes et des chemins de traverse d&rsquo;Am\u00e9rique du Nord, avec de longs emplacements pour camping-cars, ils offrent une grande commodit\u00e9 au campeur itin\u00e9rant. Garez-vous, reculez et d\u00e9chargez-vous.<\/p>\n\t\t\t\t\t\t\t\t<\/div>\n\t\t\t\t<\/div>\n\t\t\t\t\t<\/div>\n\t\t<\/div>\n\t\t\t\t<div class=\"elementor-column elementor-col-25 elementor-top-column elementor-element elementor-element-f3f0692\" data-id=\"f3f0692\" data-element_type=\"column\" data-e-type=\"column\">\n\t\t\t<div class=\"elementor-widget-wrap elementor-element-populated\">\n\t\t\t\t\t\t<div class=\"elementor-element elementor-element-e0f4189 elementor-widget elementor-widget-image\" data-id=\"e0f4189\" data-element_type=\"widget\" data-e-type=\"widget\" data-widget_type=\"image.default\">\n\t\t\t\t<div class=\"elementor-widget-container\">\n\t\t\t\t\t\t\t\t\t\t\t\t\t\t\t<img loading=\"lazy\" decoding=\"async\" width=\"226\" height=\"182\" src=\"https:\/\/route66rv.com\/wp-content\/uploads\/2022\/02\/KOABasecampIcon-2x.png\" class=\"attachment-large size-large wp-image-1942\" alt=\"\" \/>\t\t\t\t\t\t\t\t\t\t\t\t\t\t\t<\/div>\n\t\t\t\t<\/div>\n\t\t\t\t<div class=\"elementor-element elementor-element-2a55067 elementor-widget elementor-widget-heading\" data-id=\"2a55067\" data-element_type=\"widget\" data-e-type=\"widget\" data-widget_type=\"heading.default\">\n\t\t\t\t<div class=\"elementor-widget-container\">\n\t\t\t\t\t<h3 class=\"elementor-heading-title elementor-size-default\">Basecamp pour les grands espaces<\/h3>\t\t\t\t<\/div>\n\t\t\t\t<\/div>\n\t\t\t\t<div class=\"elementor-element elementor-element-1249a1b elementor-widget elementor-widget-text-editor\" data-id=\"1249a1b\" data-element_type=\"widget\" data-e-type=\"widget\" data-widget_type=\"text-editor.default\">\n\t\t\t\t<div class=\"elementor-widget-container\">\n\t\t\t\t\t\t\t\t\t<p>Que vous partiez \u00e0 la d\u00e9couverte de la r\u00e9gion ou que vous passiez du temps sur le terrain de camping, les vacances KOA sont l&rsquo;endroit id\u00e9al pour se d\u00e9tendre et s&rsquo;amuser. Il y a beaucoup \u00e0 faire, avec des \u00e9quipements et des services qui rendront votre s\u00e9jour m\u00e9morable. De plus, vous profiterez de l&rsquo;exp\u00e9rience en plein air gr\u00e2ce \u00e0 des emplacements am\u00e9lior\u00e9s avec patio KOA et \u00e0 des cabines de luxe avec salle de bain compl\u00e8te pour camper en tout confort.  <\/p>\n\t\t\t\t\t\t\t\t<\/div>\n\t\t\t\t<\/div>\n\t\t\t\t\t<\/div>\n\t\t<\/div>\n\t\t\t\t<div class=\"elementor-column elementor-col-25 elementor-top-column elementor-element elementor-element-a3089bd\" data-id=\"a3089bd\" data-element_type=\"column\" data-e-type=\"column\">\n\t\t\t<div class=\"elementor-widget-wrap elementor-element-populated\">\n\t\t\t\t\t\t<div class=\"elementor-element elementor-element-81e37f6 elementor-widget elementor-widget-image\" data-id=\"81e37f6\" data-element_type=\"widget\" data-e-type=\"widget\" data-widget_type=\"image.default\">\n\t\t\t\t<div class=\"elementor-widget-container\">\n\t\t\t\t\t\t\t\t\t\t\t\t\t\t\t<img loading=\"lazy\" decoding=\"async\" width=\"179\" height=\"183\" src=\"https:\/\/route66rv.com\/wp-content\/uploads\/2022\/02\/KOADestinationIcon2x.png\" class=\"attachment-large size-large wp-image-1944\" alt=\"\" \/>\t\t\t\t\t\t\t\t\t\t\t\t\t\t\t<\/div>\n\t\t\t\t<\/div>\n\t\t\t\t<div class=\"elementor-element elementor-element-d3a1f3e elementor-widget elementor-widget-heading\" data-id=\"d3a1f3e\" data-element_type=\"widget\" data-e-type=\"widget\" data-widget_type=\"heading.default\">\n\t\t\t\t<div class=\"elementor-widget-container\">\n\t\t\t\t\t<h3 class=\"elementor-heading-title elementor-size-default\">La destination pour les loisirs<\/h3>\t\t\t\t<\/div>\n\t\t\t\t<\/div>\n\t\t\t\t<div class=\"elementor-element elementor-element-3d47c2d elementor-widget elementor-widget-text-editor\" data-id=\"3d47c2d\" data-element_type=\"widget\" data-e-type=\"widget\" data-widget_type=\"text-editor.default\">\n\t\t\t\t<div class=\"elementor-widget-container\">\n\t\t\t\t\t\t\t\t\t<p>Les centres KOA offrent des vacances sans souci en plein air. Profitez d&rsquo;activit\u00e9s de loisirs et d&rsquo;activit\u00e9s dirig\u00e9es par le personnel, d\u00e9tendez-vous au bord de la piscine ou mangez un morceau, sans jamais quitter le terrain de camping. Et avec de nombreux emplacements pour camping-cars avec patio KOA et des cabines de luxe avec salle de bain compl\u00e8te pour r\u00e9pondre \u00e0 vos besoins, c&rsquo;est l&rsquo;ultime escapade en camping.<\/p>\n\t\t\t\t\t\t\t\t<\/div>\n\t\t\t\t<\/div>\n\t\t\t\t\t<\/div>\n\t\t<\/div>\n\t\t\t\t\t<\/div>\n\t\t<\/section>\n\t\t\t\t<\/div>\n\t\t","protected":false},"excerpt":{"rendered":"<p>Membres du club RV obtenez 10% de r\u00e9duction sur toutes les nuits dans n&rsquo;importe quel KOA*. Kampgrounds of America d\u00e9finit le camping depuis plus de cinq d\u00e9cennies. Aujourd&rsquo;hui, nous red\u00e9finissons votre prochaine exp\u00e9rience en plein air. Que vous ayez besoin d&rsquo;un site parfait pour vous garer lors de votre prochain voyage en camping-car ou d&rsquo;un [&hellip;]<\/p>\n","protected":false},"author":1,"featured_media":0,"parent":0,"menu_order":0,"comment_status":"closed","ping_status":"closed","template":"elementor_header_footer","meta":{"footnotes":""},"class_list":["post-2190","page","type-page","status-publish","hentry"],"yoast_head":"<!-- This site is optimized with the Yoast SEO plugin v27.5 - https:\/\/yoast.com\/product\/yoast-seo-wordpress\/ -->\n<title>Kampgrounds of America | R\u00e9ductions nocturnes sur les terrains de camping | Parcs pour v\u00e9hicules r\u00e9cr\u00e9atifs<\/title>\n<meta name=\"description\" content=\"Il n&#039;y a pas de meilleurs terrains de camping que les terrains de camping KOA ! Le ROUTE 66 RV Network est fier de s&#039;associer \u00e0 KOA pour offrir \u00e0 ses membres des r\u00e9ductions exclusives sur leurs s\u00e9jours.\" \/>\n<meta name=\"robots\" content=\"index, follow, max-snippet:-1, max-image-preview:large, max-video-preview:-1\" \/>\n<link rel=\"canonical\" href=\"https:\/\/route66rv.com\/fr\/?page_id=2190\" \/>\n<meta property=\"og:locale\" content=\"fr_FR\" \/>\n<meta property=\"og:type\" content=\"article\" \/>\n<meta property=\"og:title\" content=\"Kampgrounds of America | R\u00e9ductions nocturnes sur les terrains de camping | Parcs pour v\u00e9hicules r\u00e9cr\u00e9atifs\" \/>\n<meta property=\"og:description\" content=\"Il n&#039;y a pas de meilleurs terrains de camping que les terrains de camping KOA ! Le ROUTE 66 RV Network est fier de s&#039;associer \u00e0 KOA pour offrir \u00e0 ses membres des r\u00e9ductions exclusives sur leurs s\u00e9jours.\" \/>\n<meta property=\"og:url\" content=\"https:\/\/route66rv.com\/fr\/?page_id=2190\" \/>\n<meta property=\"og:site_name\" content=\"Route 66 RV Network\" \/>\n<meta property=\"article:modified_time\" content=\"2023-06-06T20:58:34+00:00\" \/>\n<meta property=\"og:image\" content=\"https:\/\/route66rv.com\/wp-content\/uploads\/2022\/01\/KOAImage.jpg\" \/>\n<meta name=\"twitter:card\" content=\"summary_large_image\" \/>\n<meta name=\"twitter:label1\" content=\"Dur\u00e9e de lecture estim\u00e9e\" \/>\n\t<meta name=\"twitter:data1\" content=\"2 minutes\" \/>\n<script type=\"application\/ld+json\" class=\"yoast-schema-graph\">{\"@context\":\"https:\\\/\\\/schema.org\",\"@graph\":[{\"@type\":\"WebPage\",\"@id\":\"https:\\\/\\\/route66rv.com\\\/fr\\\/?page_id=2190\",\"url\":\"https:\\\/\\\/route66rv.com\\\/fr\\\/?page_id=2190\",\"name\":\"Kampgrounds of America | R\u00e9ductions nocturnes sur les terrains de camping | Parcs pour v\u00e9hicules r\u00e9cr\u00e9atifs\",\"isPartOf\":{\"@id\":\"https:\\\/\\\/route66rv.com\\\/#website\"},\"primaryImageOfPage\":{\"@id\":\"https:\\\/\\\/route66rv.com\\\/fr\\\/?page_id=2190#primaryimage\"},\"image\":{\"@id\":\"https:\\\/\\\/route66rv.com\\\/fr\\\/?page_id=2190#primaryimage\"},\"thumbnailUrl\":\"https:\\\/\\\/route66rv.com\\\/wp-content\\\/uploads\\\/2022\\\/01\\\/KOAImage.jpg\",\"datePublished\":\"2022-01-03T21:22:22+00:00\",\"dateModified\":\"2023-06-06T20:58:34+00:00\",\"description\":\"Il n'y a pas de meilleurs terrains de camping que les terrains de camping KOA ! Le ROUTE 66 RV Network est fier de s'associer \u00e0 KOA pour offrir \u00e0 ses membres des r\u00e9ductions exclusives sur leurs s\u00e9jours.\",\"breadcrumb\":{\"@id\":\"https:\\\/\\\/route66rv.com\\\/fr\\\/?page_id=2190#breadcrumb\"},\"inLanguage\":\"fr-FR\",\"potentialAction\":[{\"@type\":\"ReadAction\",\"target\":[\"https:\\\/\\\/route66rv.com\\\/fr\\\/?page_id=2190\"]}]},{\"@type\":\"ImageObject\",\"inLanguage\":\"fr-FR\",\"@id\":\"https:\\\/\\\/route66rv.com\\\/fr\\\/?page_id=2190#primaryimage\",\"url\":\"https:\\\/\\\/route66rv.com\\\/wp-content\\\/uploads\\\/2022\\\/01\\\/KOAImage.jpg\",\"contentUrl\":\"https:\\\/\\\/route66rv.com\\\/wp-content\\\/uploads\\\/2022\\\/01\\\/KOAImage.jpg\"},{\"@type\":\"BreadcrumbList\",\"@id\":\"https:\\\/\\\/route66rv.com\\\/fr\\\/?page_id=2190#breadcrumb\",\"itemListElement\":[{\"@type\":\"ListItem\",\"position\":1,\"name\":\"Home\",\"item\":\"https:\\\/\\\/route66rv.com\\\/\"},{\"@type\":\"ListItem\",\"position\":2,\"name\":\"KOA\"}]},{\"@type\":\"WebSite\",\"@id\":\"https:\\\/\\\/route66rv.com\\\/#website\",\"url\":\"https:\\\/\\\/route66rv.com\\\/\",\"name\":\"Route 66 RV Network\",\"description\":\"Wherever the road takes you... You can count on us!\",\"publisher\":{\"@id\":\"https:\\\/\\\/route66rv.com\\\/#organization\"},\"potentialAction\":[{\"@type\":\"SearchAction\",\"target\":{\"@type\":\"EntryPoint\",\"urlTemplate\":\"https:\\\/\\\/route66rv.com\\\/?s={search_term_string}\"},\"query-input\":{\"@type\":\"PropertyValueSpecification\",\"valueRequired\":true,\"valueName\":\"search_term_string\"}}],\"inLanguage\":\"fr-FR\"},{\"@type\":\"Organization\",\"@id\":\"https:\\\/\\\/route66rv.com\\\/#organization\",\"name\":\"Route 66 RV Network\",\"url\":\"https:\\\/\\\/route66rv.com\\\/\",\"logo\":{\"@type\":\"ImageObject\",\"inLanguage\":\"fr-FR\",\"@id\":\"https:\\\/\\\/route66rv.com\\\/#\\\/schema\\\/logo\\\/image\\\/\",\"url\":\"https:\\\/\\\/route66rv.com\\\/wp-content\\\/uploads\\\/2021\\\/08\\\/r66-3d_white.png\",\"contentUrl\":\"https:\\\/\\\/route66rv.com\\\/wp-content\\\/uploads\\\/2021\\\/08\\\/r66-3d_white.png\",\"width\":539,\"height\":584,\"caption\":\"Route 66 RV Network\"},\"image\":{\"@id\":\"https:\\\/\\\/route66rv.com\\\/#\\\/schema\\\/logo\\\/image\\\/\"}}]}<\/script>\n<!-- \/ Yoast SEO plugin. -->","yoast_head_json":{"title":"Kampgrounds of America | R\u00e9ductions nocturnes sur les terrains de camping | Parcs pour v\u00e9hicules r\u00e9cr\u00e9atifs","description":"Il n'y a pas de meilleurs terrains de camping que les terrains de camping KOA ! Le ROUTE 66 RV Network est fier de s'associer \u00e0 KOA pour offrir \u00e0 ses membres des r\u00e9ductions exclusives sur leurs s\u00e9jours.","robots":{"index":"index","follow":"follow","max-snippet":"max-snippet:-1","max-image-preview":"max-image-preview:large","max-video-preview":"max-video-preview:-1"},"canonical":"https:\/\/route66rv.com\/fr\/?page_id=2190","og_locale":"fr_FR","og_type":"article","og_title":"Kampgrounds of America | R\u00e9ductions nocturnes sur les terrains de camping | Parcs pour v\u00e9hicules r\u00e9cr\u00e9atifs","og_description":"Il n'y a pas de meilleurs terrains de camping que les terrains de camping KOA ! Le ROUTE 66 RV Network est fier de s'associer \u00e0 KOA pour offrir \u00e0 ses membres des r\u00e9ductions exclusives sur leurs s\u00e9jours.","og_url":"https:\/\/route66rv.com\/fr\/?page_id=2190","og_site_name":"Route 66 RV Network","article_modified_time":"2023-06-06T20:58:34+00:00","og_image":[{"url":"https:\/\/route66rv.com\/wp-content\/uploads\/2022\/01\/KOAImage.jpg","type":"","width":"","height":""}],"twitter_card":"summary_large_image","twitter_misc":{"Dur\u00e9e de lecture estim\u00e9e":"2 minutes"},"schema":{"@context":"https:\/\/schema.org","@graph":[{"@type":"WebPage","@id":"https:\/\/route66rv.com\/fr\/?page_id=2190","url":"https:\/\/route66rv.com\/fr\/?page_id=2190","name":"Kampgrounds of America | R\u00e9ductions nocturnes sur les terrains de camping | Parcs pour v\u00e9hicules r\u00e9cr\u00e9atifs","isPartOf":{"@id":"https:\/\/route66rv.com\/#website"},"primaryImageOfPage":{"@id":"https:\/\/route66rv.com\/fr\/?page_id=2190#primaryimage"},"image":{"@id":"https:\/\/route66rv.com\/fr\/?page_id=2190#primaryimage"},"thumbnailUrl":"https:\/\/route66rv.com\/wp-content\/uploads\/2022\/01\/KOAImage.jpg","datePublished":"2022-01-03T21:22:22+00:00","dateModified":"2023-06-06T20:58:34+00:00","description":"Il n'y a pas de meilleurs terrains de camping que les terrains de camping KOA ! Le ROUTE 66 RV Network est fier de s'associer \u00e0 KOA pour offrir \u00e0 ses membres des r\u00e9ductions exclusives sur leurs s\u00e9jours.","breadcrumb":{"@id":"https:\/\/route66rv.com\/fr\/?page_id=2190#breadcrumb"},"inLanguage":"fr-FR","potentialAction":[{"@type":"ReadAction","target":["https:\/\/route66rv.com\/fr\/?page_id=2190"]}]},{"@type":"ImageObject","inLanguage":"fr-FR","@id":"https:\/\/route66rv.com\/fr\/?page_id=2190#primaryimage","url":"https:\/\/route66rv.com\/wp-content\/uploads\/2022\/01\/KOAImage.jpg","contentUrl":"https:\/\/route66rv.com\/wp-content\/uploads\/2022\/01\/KOAImage.jpg"},{"@type":"BreadcrumbList","@id":"https:\/\/route66rv.com\/fr\/?page_id=2190#breadcrumb","itemListElement":[{"@type":"ListItem","position":1,"name":"Home","item":"https:\/\/route66rv.com\/"},{"@type":"ListItem","position":2,"name":"KOA"}]},{"@type":"WebSite","@id":"https:\/\/route66rv.com\/#website","url":"https:\/\/route66rv.com\/","name":"Route 66 RV Network","description":"Wherever the road takes you... You can count on us!","publisher":{"@id":"https:\/\/route66rv.com\/#organization"},"potentialAction":[{"@type":"SearchAction","target":{"@type":"EntryPoint","urlTemplate":"https:\/\/route66rv.com\/?s={search_term_string}"},"query-input":{"@type":"PropertyValueSpecification","valueRequired":true,"valueName":"search_term_string"}}],"inLanguage":"fr-FR"},{"@type":"Organization","@id":"https:\/\/route66rv.com\/#organization","name":"Route 66 RV Network","url":"https:\/\/route66rv.com\/","logo":{"@type":"ImageObject","inLanguage":"fr-FR","@id":"https:\/\/route66rv.com\/#\/schema\/logo\/image\/","url":"https:\/\/route66rv.com\/wp-content\/uploads\/2021\/08\/r66-3d_white.png","contentUrl":"https:\/\/route66rv.com\/wp-content\/uploads\/2021\/08\/r66-3d_white.png","width":539,"height":584,"caption":"Route 66 RV Network"},"image":{"@id":"https:\/\/route66rv.com\/#\/schema\/logo\/image\/"}}]}},"_links":{"self":[{"href":"https:\/\/route66rv.com\/fr\/wp-json\/wp\/v2\/pages\/2190","targetHints":{"allow":["GET"]}}],"collection":[{"href":"https:\/\/route66rv.com\/fr\/wp-json\/wp\/v2\/pages"}],"about":[{"href":"https:\/\/route66rv.com\/fr\/wp-json\/wp\/v2\/types\/page"}],"author":[{"embeddable":true,"href":"https:\/\/route66rv.com\/fr\/wp-json\/wp\/v2\/users\/1"}],"replies":[{"embeddable":true,"href":"https:\/\/route66rv.com\/fr\/wp-json\/wp\/v2\/comments?post=2190"}],"version-history":[{"count":0,"href":"https:\/\/route66rv.com\/fr\/wp-json\/wp\/v2\/pages\/2190\/revisions"}],"wp:attachment":[{"href":"https:\/\/route66rv.com\/fr\/wp-json\/wp\/v2\/media?parent=2190"}],"curies":[{"name":"wp","href":"https:\/\/api.w.org\/{rel}","templated":true}]}}