{"id":2187,"date":"2021-12-23T14:09:38","date_gmt":"2021-12-23T20:09:38","guid":{"rendered":"https:\/\/route66rv.com\/promesses\/"},"modified":"2023-06-06T08:48:47","modified_gmt":"2023-06-06T13:48:47","slug":"promesses","status":"publish","type":"page","link":"https:\/\/route66rv.com\/fr\/promesses\/","title":{"rendered":"Promesses"},"content":{"rendered":"\t\t<div data-elementor-type=\"wp-page\" data-elementor-id=\"2187\" class=\"elementor elementor-2187 elementor-395\" data-elementor-post-type=\"page\">\n\t\t\t\t\t\t<section class=\"elementor-section elementor-top-section elementor-element elementor-element-5df1f6e7 elementor-section-full_width elementor-section-height-default elementor-section-height-default\" data-id=\"5df1f6e7\" data-element_type=\"section\" data-e-type=\"section\" data-settings=\"{&quot;background_background&quot;:&quot;classic&quot;,&quot;background_motion_fx_motion_fx_scrolling&quot;:&quot;yes&quot;,&quot;background_motion_fx_translateY_effect&quot;:&quot;yes&quot;,&quot;background_motion_fx_translateY_direction&quot;:&quot;negative&quot;,&quot;background_motion_fx_translateY_speed&quot;:{&quot;unit&quot;:&quot;px&quot;,&quot;size&quot;:2.7,&quot;sizes&quot;:[]},&quot;background_motion_fx_scale_effect&quot;:&quot;yes&quot;,&quot;background_motion_fx_range&quot;:&quot;viewport&quot;,&quot;shape_divider_bottom&quot;:&quot;opacity-tilt&quot;,&quot;background_motion_fx_translateY_affectedRange&quot;:{&quot;unit&quot;:&quot;%&quot;,&quot;size&quot;:&quot;&quot;,&quot;sizes&quot;:{&quot;start&quot;:0,&quot;end&quot;:100}},&quot;background_motion_fx_scale_direction&quot;:&quot;out-in&quot;,&quot;background_motion_fx_scale_speed&quot;:{&quot;unit&quot;:&quot;px&quot;,&quot;size&quot;:4,&quot;sizes&quot;:[]},&quot;background_motion_fx_scale_range&quot;:{&quot;unit&quot;:&quot;%&quot;,&quot;size&quot;:&quot;&quot;,&quot;sizes&quot;:{&quot;start&quot;:20,&quot;end&quot;:80}},&quot;background_motion_fx_devices&quot;:[&quot;desktop&quot;,&quot;tablet&quot;,&quot;mobile&quot;]}\">\n\t\t\t\t\t<div class=\"elementor-shape elementor-shape-bottom\" aria-hidden=\"true\" data-negative=\"false\">\n\t\t\t<svg xmlns=\"http:\/\/www.w3.org\/2000\/svg\" viewBox=\"0 0 2600 131.1\" preserveAspectRatio=\"none\">\n\t<path class=\"elementor-shape-fill\" d=\"M0 0L2600 0 2600 69.1 0 0z\"\/>\n\t<path class=\"elementor-shape-fill\" style=\"opacity:0.5\" d=\"M0 0L2600 0 2600 69.1 0 69.1z\"\/>\n\t<path class=\"elementor-shape-fill\" style=\"opacity:0.25\" d=\"M2600 0L0 0 0 130.1 2600 69.1z\"\/>\n<\/svg>\t\t<\/div>\n\t\t\t\t\t<div class=\"elementor-container elementor-column-gap-default\">\n\t\t\t\t\t<div class=\"elementor-column elementor-col-100 elementor-top-column elementor-element elementor-element-35428bb1\" data-id=\"35428bb1\" data-element_type=\"column\" data-e-type=\"column\">\n\t\t\t<div class=\"elementor-widget-wrap elementor-element-populated\">\n\t\t\t\t\t\t<div class=\"elementor-element elementor-element-37587ed6 elementor-widget elementor-widget-heading\" data-id=\"37587ed6\" data-element_type=\"widget\" data-e-type=\"widget\" data-widget_type=\"heading.default\">\n\t\t\t\t<div class=\"elementor-widget-container\">\n\t\t\t\t\t<h1 class=\"elementor-heading-title elementor-size-default\">ROUTE 66's<br>Promesses de service \u00e0 la client\u00e8le<\/h1>\t\t\t\t<\/div>\n\t\t\t\t<\/div>\n\t\t\t\t\t<\/div>\n\t\t<\/div>\n\t\t\t\t\t<\/div>\n\t\t<\/section>\n\t\t\t\t<section class=\"elementor-section elementor-top-section elementor-element elementor-element-fe0463d elementor-reverse-mobile elementor-section-boxed elementor-section-height-default elementor-section-height-default\" data-id=\"fe0463d\" data-element_type=\"section\" data-e-type=\"section\">\n\t\t\t\t\t\t<div class=\"elementor-container elementor-column-gap-default\">\n\t\t\t\t\t<div class=\"elementor-column elementor-col-50 elementor-top-column elementor-element elementor-element-6739033\" data-id=\"6739033\" data-element_type=\"column\" data-e-type=\"column\">\n\t\t\t<div class=\"elementor-widget-wrap elementor-element-populated\">\n\t\t\t\t\t\t<div class=\"elementor-element elementor-element-438aeda elementor-widget elementor-widget-video\" data-id=\"438aeda\" data-element_type=\"widget\" data-e-type=\"widget\" data-settings=\"{&quot;youtube_url&quot;:&quot;https:\\\/\\\/www.youtube.com\\\/watch?v=okaMzB7JFZU&amp;t=73s&quot;,&quot;video_type&quot;:&quot;youtube&quot;,&quot;controls&quot;:&quot;yes&quot;}\" data-widget_type=\"video.default\">\n\t\t\t\t<div class=\"elementor-widget-container\">\n\t\t\t\t\t\t\t<div class=\"elementor-wrapper elementor-open-inline\">\n\t\t\t<div class=\"elementor-video\"><\/div>\t\t<\/div>\n\t\t\t\t\t\t<\/div>\n\t\t\t\t<\/div>\n\t\t\t\t\t<\/div>\n\t\t<\/div>\n\t\t\t\t<div class=\"elementor-column elementor-col-50 elementor-top-column elementor-element elementor-element-29cf6f5\" data-id=\"29cf6f5\" data-element_type=\"column\" data-e-type=\"column\">\n\t\t\t<div class=\"elementor-widget-wrap elementor-element-populated\">\n\t\t\t\t\t\t<div class=\"elementor-element elementor-element-5d41db6 elementor-widget elementor-widget-text-editor\" data-id=\"5d41db6\" data-element_type=\"widget\" data-e-type=\"widget\" data-widget_type=\"text-editor.default\">\n\t\t\t\t<div class=\"elementor-widget-container\">\n\t\t\t\t\t\t\t\t\t<p>Chaque v\u00e9hicule r\u00e9cr\u00e9atif neuf ou d&rsquo;occasion achet\u00e9 chez un concessionnaire ROUTE 66\/RV Care est assorti de nos promesses exclusives de service \u00e0 la client\u00e8le, sans frais. Ayez l&rsquo;esprit tranquille en sachant qu&rsquo;il y a plus de 200 concessionnaires de v\u00e9hicules r\u00e9cr\u00e9atifs en Am\u00e9rique du Nord qui sont pr\u00eats \u00e0 r\u00e9pondre \u00e0 vos besoins en mati\u00e8re de service pendant votre voyage.<\/p>\n<p>Soyez assur\u00e9 que vous b\u00e9n\u00e9ficierez non seulement du m\u00eame service de qualit\u00e9 et du m\u00eame traitement pr\u00e9f\u00e9rentiel que vous attendez de votre concessionnaire ROUTE 66 ou RV Care, mais que vous serez \u00e9galement trait\u00e9 avec int\u00e9grit\u00e9 et respect.<\/p>\n\t\t\t\t\t\t\t\t<\/div>\n\t\t\t\t<\/div>\n\t\t\t\t\t<\/div>\n\t\t<\/div>\n\t\t\t\t\t<\/div>\n\t\t<\/section>\n\t\t\t\t<section class=\"elementor-section elementor-top-section elementor-element elementor-element-b926f80 elementor-section-boxed elementor-section-height-default elementor-section-height-default\" data-id=\"b926f80\" data-element_type=\"section\" data-e-type=\"section\" data-settings=\"{&quot;background_background&quot;:&quot;classic&quot;}\">\n\t\t\t\t\t\t<div class=\"elementor-container elementor-column-gap-default\">\n\t\t\t\t\t<div class=\"elementor-column elementor-col-100 elementor-top-column elementor-element elementor-element-8a30aa7\" data-id=\"8a30aa7\" data-element_type=\"column\" data-e-type=\"column\">\n\t\t\t<div class=\"elementor-widget-wrap elementor-element-populated\">\n\t\t\t\t\t\t<div class=\"elementor-element elementor-element-b1c284d elementor-widget elementor-widget-heading\" data-id=\"b1c284d\" data-element_type=\"widget\" data-e-type=\"widget\" data-widget_type=\"heading.default\">\n\t\t\t\t<div class=\"elementor-widget-container\">\n\t\t\t\t\t<h2 class=\"elementor-heading-title elementor-size-default\">Nos promesses en mati\u00e8re de service \u00e0 la client\u00e8le  <\/h2>\t\t\t\t<\/div>\n\t\t\t\t<\/div>\n\t\t\t\t<div class=\"elementor-element elementor-element-1b323cd elementor-widget elementor-widget-text-editor\" data-id=\"1b323cd\" data-element_type=\"widget\" data-e-type=\"widget\" data-widget_type=\"text-editor.default\">\n\t\t\t\t<div class=\"elementor-widget-container\">\n\t\t\t\t\t\t\t\t\t<h4>Chaque v\u00e9hicule r\u00e9cr\u00e9atif neuf ou d&rsquo;occasion achet\u00e9 chez l&rsquo;un de nos 200+ concessionnaires ROUTE 66\/RV Care est accompagn\u00e9 de nos promesses exclusives de service \u00e0 la client\u00e8le, sans frais.<\/h4>\n<h4>Pendant que vous voyagez, nous allons.. :<\/h4>\n\t\t\t\t\t\t\t\t<\/div>\n\t\t\t\t<\/div>\n\t\t\t\t<div class=\"elementor-element elementor-element-707860b elementor-align-start elementor-icon-list--layout-traditional elementor-list-item-link-full_width elementor-widget elementor-widget-icon-list\" data-id=\"707860b\" data-element_type=\"widget\" data-e-type=\"widget\" data-widget_type=\"icon-list.default\">\n\t\t\t\t<div class=\"elementor-widget-container\">\n\t\t\t\t\t\t\t<ul class=\"elementor-icon-list-items\">\n\t\t\t\t\t\t\t<li class=\"elementor-icon-list-item\">\n\t\t\t\t\t\t\t\t\t\t\t<span class=\"elementor-icon-list-icon\">\n\t\t\t\t\t\t\t<i aria-hidden=\"true\" class=\"fas fa-check-circle\"><\/i>\t\t\t\t\t\t<\/span>\n\t\t\t\t\t\t\t\t\t\t<span class=\"elementor-icon-list-text\">Vous traiter comme un client privil\u00e9gi\u00e9 dans toutes les concessions ROUTE 66\/RV Care.<\/span>\n\t\t\t\t\t\t\t\t\t<\/li>\n\t\t\t\t\t\t\t\t<li class=\"elementor-icon-list-item\">\n\t\t\t\t\t\t\t\t\t\t\t<span class=\"elementor-icon-list-icon\">\n\t\t\t\t\t\t\t<i aria-hidden=\"true\" class=\"fas fa-check-circle\"><\/i>\t\t\t\t\t\t<\/span>\n\t\t\t\t\t\t\t\t\t\t<span class=\"elementor-icon-list-text\">Nous nous effor\u00e7ons de diagnostiquer les probl\u00e8mes dans un d\u00e9lai d'un jour de service et d'inscrire votre v\u00e9hicule r\u00e9cr\u00e9atif dans un calendrier de service acc\u00e9l\u00e9r\u00e9.<\/span>\n\t\t\t\t\t\t\t\t\t<\/li>\n\t\t\t\t\t\t\t\t<li class=\"elementor-icon-list-item\">\n\t\t\t\t\t\t\t\t\t\t\t<span class=\"elementor-icon-list-icon\">\n\t\t\t\t\t\t\t<i aria-hidden=\"true\" class=\"fas fa-check-circle\"><\/i>\t\t\t\t\t\t<\/span>\n\t\t\t\t\t\t\t\t\t\t<span class=\"elementor-icon-list-text\">Trouver rapidement des pi\u00e8ces au sein de notre r\u00e9seau si les pi\u00e8ces n\u00e9cessaires \u00e0 votre r\u00e9paration ne sont pas disponibles.<\/span>\n\t\t\t\t\t\t\t\t\t<\/li>\n\t\t\t\t\t\t\t\t<li class=\"elementor-icon-list-item\">\n\t\t\t\t\t\t\t\t\t\t\t<span class=\"elementor-icon-list-icon\">\n\t\t\t\t\t\t\t<i aria-hidden=\"true\" class=\"fas fa-check-circle\"><\/i>\t\t\t\t\t\t<\/span>\n\t\t\t\t\t\t\t\t\t\t<span class=\"elementor-icon-list-text\">Vous aider \u00e0 trouver des moyens de transport et d'h\u00e9bergement pendant que votre v\u00e9hicule r\u00e9cr\u00e9atif est en service.<\/span>\n\t\t\t\t\t\t\t\t\t<\/li>\n\t\t\t\t\t\t\t\t<li class=\"elementor-icon-list-item\">\n\t\t\t\t\t\t\t\t\t\t\t<span class=\"elementor-icon-list-icon\">\n\t\t\t\t\t\t\t<i aria-hidden=\"true\" class=\"fas fa-check-circle\"><\/i>\t\t\t\t\t\t<\/span>\n\t\t\t\t\t\t\t\t\t\t<span class=\"elementor-icon-list-text\">Prendre des dispositions aupr\u00e8s d'un autre prestataire de services si nous ne sommes pas en mesure d'effectuer les r\u00e9parations n\u00e9cessaires.<\/span>\n\t\t\t\t\t\t\t\t\t<\/li>\n\t\t\t\t\t\t<\/ul>\n\t\t\t\t\t\t<\/div>\n\t\t\t\t<\/div>\n\t\t\t\t<div class=\"elementor-element elementor-element-d57efd4 elementor-widget elementor-widget-heading\" data-id=\"d57efd4\" data-element_type=\"widget\" data-e-type=\"widget\" data-widget_type=\"heading.default\">\n\t\t\t\t<div class=\"elementor-widget-container\">\n\t\t\t\t\t<h4 class=\"elementor-heading-title elementor-size-default\">De plus, vous b\u00e9n\u00e9ficiez d'une remise de 10 % sur les pi\u00e8ces et accessoires dans tous les magasins de pi\u00e8ces d\u00e9tach\u00e9es ROUTE 66\/RV Care (\u00e0 l'exclusion du service, des commandes sp\u00e9ciales et des pi\u00e8ces de rechange).\n<\/h4>\t\t\t\t<\/div>\n\t\t\t\t<\/div>\n\t\t\t\t<div class=\"elementor-element elementor-element-5bdfad5 elementor-widget-divider--view-line elementor-widget elementor-widget-divider\" data-id=\"5bdfad5\" data-element_type=\"widget\" data-e-type=\"widget\" data-widget_type=\"divider.default\">\n\t\t\t\t<div class=\"elementor-widget-container\">\n\t\t\t\t\t\t\t<div class=\"elementor-divider\">\n\t\t\t<span class=\"elementor-divider-separator\">\n\t\t\t\t\t\t<\/span>\n\t\t<\/div>\n\t\t\t\t\t\t<\/div>\n\t\t\t\t<\/div>\n\t\t\t\t<div class=\"elementor-element elementor-element-c1a59ff elementor-widget elementor-widget-heading\" data-id=\"c1a59ff\" data-element_type=\"widget\" data-e-type=\"widget\" data-widget_type=\"heading.default\">\n\t\t\t\t<div class=\"elementor-widget-container\">\n\t\t\t\t\t<h4 class=\"elementor-heading-title elementor-size-default\">En outre, les membres de RV Care :  <\/h4>\t\t\t\t<\/div>\n\t\t\t\t<\/div>\n\t\t\t\t<section class=\"elementor-section elementor-inner-section elementor-element elementor-element-7de998d elementor-section-boxed elementor-section-height-default elementor-section-height-default\" data-id=\"7de998d\" data-element_type=\"section\" data-e-type=\"section\" data-settings=\"{&quot;background_background&quot;:&quot;classic&quot;}\">\n\t\t\t\t\t\t<div class=\"elementor-container elementor-column-gap-default\">\n\t\t\t\t\t<div class=\"elementor-column elementor-col-33 elementor-inner-column elementor-element elementor-element-49e7e24\" data-id=\"49e7e24\" data-element_type=\"column\" data-e-type=\"column\">\n\t\t\t<div class=\"elementor-widget-wrap elementor-element-populated\">\n\t\t\t\t\t\t<div class=\"elementor-element elementor-element-1d3b8e5 elementor-view-default elementor-position-block-start elementor-mobile-position-block-start elementor-widget elementor-widget-icon-box\" data-id=\"1d3b8e5\" data-element_type=\"widget\" data-e-type=\"widget\" data-widget_type=\"icon-box.default\">\n\t\t\t\t<div class=\"elementor-widget-container\">\n\t\t\t\t\t\t\t<div class=\"elementor-icon-box-wrapper\">\n\n\t\t\t\t\t\t<div class=\"elementor-icon-box-icon\">\n\t\t\t\t<span  class=\"elementor-icon\">\n\t\t\t\t<i aria-hidden=\"true\" class=\"fas fa-check-circle\"><\/i>\t\t\t\t<\/span>\n\t\t\t<\/div>\n\t\t\t\n\t\t\t\t\t\t<div class=\"elementor-icon-box-content\">\n\n\t\t\t\t\n\t\t\t\t\t\t\t\t\t<p class=\"elementor-icon-box-description\">\n\t\t\t\t\t\tD\u00e9couvrez en avant-premi\u00e8re les \u00e9v\u00e9nements nationaux du commerce de d\u00e9tail, les vid\u00e9os pratiques, les offres et les concours*.\t\t\t\t\t<\/p>\n\t\t\t\t\n\t\t\t<\/div>\n\t\t\t\n\t\t<\/div>\n\t\t\t\t\t\t<\/div>\n\t\t\t\t<\/div>\n\t\t\t\t\t<\/div>\n\t\t<\/div>\n\t\t\t\t<div class=\"elementor-column elementor-col-33 elementor-inner-column elementor-element elementor-element-6ac0727\" data-id=\"6ac0727\" data-element_type=\"column\" data-e-type=\"column\">\n\t\t\t<div class=\"elementor-widget-wrap elementor-element-populated\">\n\t\t\t\t\t\t<div class=\"elementor-element elementor-element-febce11 elementor-view-default elementor-position-block-start elementor-mobile-position-block-start elementor-widget elementor-widget-icon-box\" data-id=\"febce11\" data-element_type=\"widget\" data-e-type=\"widget\" data-widget_type=\"icon-box.default\">\n\t\t\t\t<div class=\"elementor-widget-container\">\n\t\t\t\t\t\t\t<div class=\"elementor-icon-box-wrapper\">\n\n\t\t\t\t\t\t<div class=\"elementor-icon-box-icon\">\n\t\t\t\t<span  class=\"elementor-icon\">\n\t\t\t\t<i aria-hidden=\"true\" class=\"fas fa-check-circle\"><\/i>\t\t\t\t<\/span>\n\t\t\t<\/div>\n\t\t\t\n\t\t\t\t\t\t<div class=\"elementor-icon-box-content\">\n\n\t\t\t\t\n\t\t\t\t\t\t\t\t\t<p class=\"elementor-icon-box-description\">\n\t\t\t\t\t\tProfitez de notre marque exclusive de produits : RV Travelers Choice*\t\t\t\t\t<\/p>\n\t\t\t\t\n\t\t\t<\/div>\n\t\t\t\n\t\t<\/div>\n\t\t\t\t\t\t<\/div>\n\t\t\t\t<\/div>\n\t\t\t\t\t<\/div>\n\t\t<\/div>\n\t\t\t\t<div class=\"elementor-column elementor-col-33 elementor-inner-column elementor-element elementor-element-b1de8c4\" data-id=\"b1de8c4\" data-element_type=\"column\" data-e-type=\"column\">\n\t\t\t<div class=\"elementor-widget-wrap elementor-element-populated\">\n\t\t\t\t\t\t<div class=\"elementor-element elementor-element-8541599 elementor-view-default elementor-position-block-start elementor-mobile-position-block-start elementor-widget elementor-widget-icon-box\" data-id=\"8541599\" data-element_type=\"widget\" data-e-type=\"widget\" data-widget_type=\"icon-box.default\">\n\t\t\t\t<div class=\"elementor-widget-container\">\n\t\t\t\t\t\t\t<div class=\"elementor-icon-box-wrapper\">\n\n\t\t\t\t\t\t<div class=\"elementor-icon-box-icon\">\n\t\t\t\t<span  class=\"elementor-icon\">\n\t\t\t\t<i aria-hidden=\"true\" class=\"fas fa-check-circle\"><\/i>\t\t\t\t<\/span>\n\t\t\t<\/div>\n\t\t\t\n\t\t\t\t\t\t<div class=\"elementor-icon-box-content\">\n\n\t\t\t\t\n\t\t\t\t\t\t\t\t\t<p class=\"elementor-icon-box-description\">\n\t\t\t\t\t\tB\u00e9n\u00e9ficiez des r\u00e9compenses de fid\u00e9lit\u00e9 RV Care : Collectionnez des timbres num\u00e9riques et obtenez des r\u00e9compenses*\t\t\t\t\t<\/p>\n\t\t\t\t\n\t\t\t<\/div>\n\t\t\t\n\t\t<\/div>\n\t\t\t\t\t\t<\/div>\n\t\t\t\t<\/div>\n\t\t\t\t\t<\/div>\n\t\t<\/div>\n\t\t\t\t\t<\/div>\n\t\t<\/section>\n\t\t\t\t<div class=\"elementor-element elementor-element-1bb0ece elementor-widget elementor-widget-text-editor\" data-id=\"1bb0ece\" data-element_type=\"widget\" data-e-type=\"widget\" data-widget_type=\"text-editor.default\">\n\t\t\t\t<div class=\"elementor-widget-container\">\n\t\t\t\t\t\t\t\t\t<p>*Emplacements pour les soins aux v\u00e9hicules r\u00e9cr\u00e9atifs seulement<\/p>\n\t\t\t\t\t\t\t\t<\/div>\n\t\t\t\t<\/div>\n\t\t\t\t\t<\/div>\n\t\t<\/div>\n\t\t\t\t\t<\/div>\n\t\t<\/section>\n\t\t\t\t<\/div>\n\t\t","protected":false},"excerpt":{"rendered":"<p>ROUTE 66&rsquo;sPromesses de service \u00e0 la client\u00e8le https:\/\/www.youtube.com\/watch?v=okaMzB7JFZU&#038;t=73s Chaque v\u00e9hicule r\u00e9cr\u00e9atif neuf ou d&rsquo;occasion achet\u00e9 chez un concessionnaire ROUTE 66\/RV Care est assorti de nos promesses exclusives de service \u00e0 la client\u00e8le, sans frais. Ayez l&rsquo;esprit tranquille en sachant qu&rsquo;il y a plus de 200 concessionnaires de v\u00e9hicules r\u00e9cr\u00e9atifs en Am\u00e9rique du Nord qui sont [&hellip;]<\/p>\n","protected":false},"author":1,"featured_media":0,"parent":0,"menu_order":0,"comment_status":"closed","ping_status":"closed","template":"elementor_header_footer","meta":{"footnotes":""},"class_list":["post-2187","page","type-page","status-publish","hentry"],"yoast_head":"<!-- This site is optimized with the Yoast SEO plugin v27.5 - https:\/\/yoast.com\/product\/yoast-seo-wordpress\/ -->\n<title>Promesses de service \u00e0 la client\u00e8le | Assistance VR |Assistance routi\u00e8re<\/title>\n<meta name=\"description\" content=\"Le r\u00e9seau Route 66 RV s&#039;engage \u00e0 fournir un service de qualit\u00e9 sup\u00e9rieure aux clients qui ach\u00e8tent un v\u00e9hicule r\u00e9cr\u00e9atif aupr\u00e8s de l&#039;un des 200 concessionnaires du r\u00e9seau \u00e0 travers l&#039;Am\u00e9rique du Nord.\" \/>\n<meta name=\"robots\" content=\"index, follow, max-snippet:-1, max-image-preview:large, max-video-preview:-1\" \/>\n<link rel=\"canonical\" href=\"https:\/\/route66rv.com\/fr\/?page_id=2187\" \/>\n<meta property=\"og:locale\" content=\"fr_FR\" \/>\n<meta property=\"og:type\" content=\"article\" \/>\n<meta property=\"og:title\" content=\"Promesses de service \u00e0 la client\u00e8le | Assistance VR |Assistance routi\u00e8re\" \/>\n<meta property=\"og:description\" content=\"Le r\u00e9seau Route 66 RV s&#039;engage \u00e0 fournir un service de qualit\u00e9 sup\u00e9rieure aux clients qui ach\u00e8tent un v\u00e9hicule r\u00e9cr\u00e9atif aupr\u00e8s de l&#039;un des 200 concessionnaires du r\u00e9seau \u00e0 travers l&#039;Am\u00e9rique du Nord.\" \/>\n<meta property=\"og:url\" content=\"https:\/\/route66rv.com\/fr\/?page_id=2187\" \/>\n<meta property=\"og:site_name\" content=\"Route 66 RV Network\" \/>\n<meta property=\"article:modified_time\" content=\"2023-06-06T13:48:47+00:00\" \/>\n<meta name=\"twitter:card\" content=\"summary_large_image\" \/>\n<meta name=\"twitter:label1\" content=\"Dur\u00e9e de lecture estim\u00e9e\" \/>\n\t<meta name=\"twitter:data1\" content=\"2 minutes\" \/>\n<script type=\"application\/ld+json\" class=\"yoast-schema-graph\">{\"@context\":\"https:\\\/\\\/schema.org\",\"@graph\":[{\"@type\":\"WebPage\",\"@id\":\"https:\\\/\\\/route66rv.com\\\/fr\\\/?page_id=2187\",\"url\":\"https:\\\/\\\/route66rv.com\\\/fr\\\/?page_id=2187\",\"name\":\"Promesses de service \u00e0 la client\u00e8le | Assistance VR |Assistance routi\u00e8re\",\"isPartOf\":{\"@id\":\"https:\\\/\\\/route66rv.com\\\/#website\"},\"datePublished\":\"2021-12-23T20:09:38+00:00\",\"dateModified\":\"2023-06-06T13:48:47+00:00\",\"description\":\"Le r\u00e9seau Route 66 RV s'engage \u00e0 fournir un service de qualit\u00e9 sup\u00e9rieure aux clients qui ach\u00e8tent un v\u00e9hicule r\u00e9cr\u00e9atif aupr\u00e8s de l'un des 200 concessionnaires du r\u00e9seau \u00e0 travers l'Am\u00e9rique du Nord.\",\"breadcrumb\":{\"@id\":\"https:\\\/\\\/route66rv.com\\\/fr\\\/?page_id=2187#breadcrumb\"},\"inLanguage\":\"fr-FR\",\"potentialAction\":[{\"@type\":\"ReadAction\",\"target\":[\"https:\\\/\\\/route66rv.com\\\/fr\\\/?page_id=2187\"]}]},{\"@type\":\"BreadcrumbList\",\"@id\":\"https:\\\/\\\/route66rv.com\\\/fr\\\/?page_id=2187#breadcrumb\",\"itemListElement\":[{\"@type\":\"ListItem\",\"position\":1,\"name\":\"Home\",\"item\":\"https:\\\/\\\/route66rv.com\\\/\"},{\"@type\":\"ListItem\",\"position\":2,\"name\":\"Promesses\"}]},{\"@type\":\"WebSite\",\"@id\":\"https:\\\/\\\/route66rv.com\\\/#website\",\"url\":\"https:\\\/\\\/route66rv.com\\\/\",\"name\":\"Route 66 RV Network\",\"description\":\"Wherever the road takes you... You can count on us!\",\"publisher\":{\"@id\":\"https:\\\/\\\/route66rv.com\\\/#organization\"},\"potentialAction\":[{\"@type\":\"SearchAction\",\"target\":{\"@type\":\"EntryPoint\",\"urlTemplate\":\"https:\\\/\\\/route66rv.com\\\/?s={search_term_string}\"},\"query-input\":{\"@type\":\"PropertyValueSpecification\",\"valueRequired\":true,\"valueName\":\"search_term_string\"}}],\"inLanguage\":\"fr-FR\"},{\"@type\":\"Organization\",\"@id\":\"https:\\\/\\\/route66rv.com\\\/#organization\",\"name\":\"Route 66 RV Network\",\"url\":\"https:\\\/\\\/route66rv.com\\\/\",\"logo\":{\"@type\":\"ImageObject\",\"inLanguage\":\"fr-FR\",\"@id\":\"https:\\\/\\\/route66rv.com\\\/#\\\/schema\\\/logo\\\/image\\\/\",\"url\":\"https:\\\/\\\/route66rv.com\\\/wp-content\\\/uploads\\\/2021\\\/08\\\/r66-3d_white.png\",\"contentUrl\":\"https:\\\/\\\/route66rv.com\\\/wp-content\\\/uploads\\\/2021\\\/08\\\/r66-3d_white.png\",\"width\":539,\"height\":584,\"caption\":\"Route 66 RV Network\"},\"image\":{\"@id\":\"https:\\\/\\\/route66rv.com\\\/#\\\/schema\\\/logo\\\/image\\\/\"}}]}<\/script>\n<!-- \/ Yoast SEO plugin. -->","yoast_head_json":{"title":"Promesses de service \u00e0 la client\u00e8le | Assistance VR |Assistance routi\u00e8re","description":"Le r\u00e9seau Route 66 RV s'engage \u00e0 fournir un service de qualit\u00e9 sup\u00e9rieure aux clients qui ach\u00e8tent un v\u00e9hicule r\u00e9cr\u00e9atif aupr\u00e8s de l'un des 200 concessionnaires du r\u00e9seau \u00e0 travers l'Am\u00e9rique du Nord.","robots":{"index":"index","follow":"follow","max-snippet":"max-snippet:-1","max-image-preview":"max-image-preview:large","max-video-preview":"max-video-preview:-1"},"canonical":"https:\/\/route66rv.com\/fr\/?page_id=2187","og_locale":"fr_FR","og_type":"article","og_title":"Promesses de service \u00e0 la client\u00e8le | Assistance VR |Assistance routi\u00e8re","og_description":"Le r\u00e9seau Route 66 RV s'engage \u00e0 fournir un service de qualit\u00e9 sup\u00e9rieure aux clients qui ach\u00e8tent un v\u00e9hicule r\u00e9cr\u00e9atif aupr\u00e8s de l'un des 200 concessionnaires du r\u00e9seau \u00e0 travers l'Am\u00e9rique du Nord.","og_url":"https:\/\/route66rv.com\/fr\/?page_id=2187","og_site_name":"Route 66 RV Network","article_modified_time":"2023-06-06T13:48:47+00:00","twitter_card":"summary_large_image","twitter_misc":{"Dur\u00e9e de lecture estim\u00e9e":"2 minutes"},"schema":{"@context":"https:\/\/schema.org","@graph":[{"@type":"WebPage","@id":"https:\/\/route66rv.com\/fr\/?page_id=2187","url":"https:\/\/route66rv.com\/fr\/?page_id=2187","name":"Promesses de service \u00e0 la client\u00e8le | Assistance VR |Assistance routi\u00e8re","isPartOf":{"@id":"https:\/\/route66rv.com\/#website"},"datePublished":"2021-12-23T20:09:38+00:00","dateModified":"2023-06-06T13:48:47+00:00","description":"Le r\u00e9seau Route 66 RV s'engage \u00e0 fournir un service de qualit\u00e9 sup\u00e9rieure aux clients qui ach\u00e8tent un v\u00e9hicule r\u00e9cr\u00e9atif aupr\u00e8s de l'un des 200 concessionnaires du r\u00e9seau \u00e0 travers l'Am\u00e9rique du Nord.","breadcrumb":{"@id":"https:\/\/route66rv.com\/fr\/?page_id=2187#breadcrumb"},"inLanguage":"fr-FR","potentialAction":[{"@type":"ReadAction","target":["https:\/\/route66rv.com\/fr\/?page_id=2187"]}]},{"@type":"BreadcrumbList","@id":"https:\/\/route66rv.com\/fr\/?page_id=2187#breadcrumb","itemListElement":[{"@type":"ListItem","position":1,"name":"Home","item":"https:\/\/route66rv.com\/"},{"@type":"ListItem","position":2,"name":"Promesses"}]},{"@type":"WebSite","@id":"https:\/\/route66rv.com\/#website","url":"https:\/\/route66rv.com\/","name":"Route 66 RV Network","description":"Wherever the road takes you... You can count on us!","publisher":{"@id":"https:\/\/route66rv.com\/#organization"},"potentialAction":[{"@type":"SearchAction","target":{"@type":"EntryPoint","urlTemplate":"https:\/\/route66rv.com\/?s={search_term_string}"},"query-input":{"@type":"PropertyValueSpecification","valueRequired":true,"valueName":"search_term_string"}}],"inLanguage":"fr-FR"},{"@type":"Organization","@id":"https:\/\/route66rv.com\/#organization","name":"Route 66 RV Network","url":"https:\/\/route66rv.com\/","logo":{"@type":"ImageObject","inLanguage":"fr-FR","@id":"https:\/\/route66rv.com\/#\/schema\/logo\/image\/","url":"https:\/\/route66rv.com\/wp-content\/uploads\/2021\/08\/r66-3d_white.png","contentUrl":"https:\/\/route66rv.com\/wp-content\/uploads\/2021\/08\/r66-3d_white.png","width":539,"height":584,"caption":"Route 66 RV Network"},"image":{"@id":"https:\/\/route66rv.com\/#\/schema\/logo\/image\/"}}]}},"_links":{"self":[{"href":"https:\/\/route66rv.com\/fr\/wp-json\/wp\/v2\/pages\/2187","targetHints":{"allow":["GET"]}}],"collection":[{"href":"https:\/\/route66rv.com\/fr\/wp-json\/wp\/v2\/pages"}],"about":[{"href":"https:\/\/route66rv.com\/fr\/wp-json\/wp\/v2\/types\/page"}],"author":[{"embeddable":true,"href":"https:\/\/route66rv.com\/fr\/wp-json\/wp\/v2\/users\/1"}],"replies":[{"embeddable":true,"href":"https:\/\/route66rv.com\/fr\/wp-json\/wp\/v2\/comments?post=2187"}],"version-history":[{"count":0,"href":"https:\/\/route66rv.com\/fr\/wp-json\/wp\/v2\/pages\/2187\/revisions"}],"wp:attachment":[{"href":"https:\/\/route66rv.com\/fr\/wp-json\/wp\/v2\/media?parent=2187"}],"curies":[{"name":"wp","href":"https:\/\/api.w.org\/{rel}","templated":true}]}}