{"id":2186,"date":"2022-02-09T14:11:15","date_gmt":"2022-02-09T20:11:15","guid":{"rendered":"https:\/\/route66rv.com\/a-propos-de\/"},"modified":"2023-06-06T15:58:34","modified_gmt":"2023-06-06T20:58:34","slug":"a-propos-de-lhistoire-de-la-route-66","status":"publish","type":"page","link":"https:\/\/route66rv.com\/fr\/a-propos-de-lhistoire-de-la-route-66\/","title":{"rendered":"\u00c0 propos de"},"content":{"rendered":"\t\t<div data-elementor-type=\"wp-page\" data-elementor-id=\"2186\" class=\"elementor elementor-2186 elementor-515\" data-elementor-post-type=\"page\">\n\t\t\t\t\t\t<section class=\"elementor-section elementor-top-section elementor-element elementor-element-217d3eb7 elementor-section-full_width elementor-section-height-default elementor-section-height-default\" data-id=\"217d3eb7\" data-element_type=\"section\" data-e-type=\"section\" data-settings=\"{&quot;background_background&quot;:&quot;classic&quot;,&quot;background_motion_fx_motion_fx_scrolling&quot;:&quot;yes&quot;,&quot;background_motion_fx_translateY_effect&quot;:&quot;yes&quot;,&quot;background_motion_fx_translateY_direction&quot;:&quot;negative&quot;,&quot;background_motion_fx_translateY_speed&quot;:{&quot;unit&quot;:&quot;px&quot;,&quot;size&quot;:2.7,&quot;sizes&quot;:[]},&quot;background_motion_fx_scale_effect&quot;:&quot;yes&quot;,&quot;background_motion_fx_range&quot;:&quot;viewport&quot;,&quot;shape_divider_bottom&quot;:&quot;opacity-tilt&quot;,&quot;background_motion_fx_translateY_affectedRange&quot;:{&quot;unit&quot;:&quot;%&quot;,&quot;size&quot;:&quot;&quot;,&quot;sizes&quot;:{&quot;start&quot;:0,&quot;end&quot;:100}},&quot;background_motion_fx_scale_direction&quot;:&quot;out-in&quot;,&quot;background_motion_fx_scale_speed&quot;:{&quot;unit&quot;:&quot;px&quot;,&quot;size&quot;:4,&quot;sizes&quot;:[]},&quot;background_motion_fx_scale_range&quot;:{&quot;unit&quot;:&quot;%&quot;,&quot;size&quot;:&quot;&quot;,&quot;sizes&quot;:{&quot;start&quot;:20,&quot;end&quot;:80}},&quot;background_motion_fx_devices&quot;:[&quot;desktop&quot;,&quot;tablet&quot;,&quot;mobile&quot;]}\">\n\t\t\t\t\t<div class=\"elementor-shape elementor-shape-bottom\" aria-hidden=\"true\" data-negative=\"false\">\n\t\t\t<svg xmlns=\"http:\/\/www.w3.org\/2000\/svg\" viewBox=\"0 0 2600 131.1\" preserveAspectRatio=\"none\">\n\t<path class=\"elementor-shape-fill\" d=\"M0 0L2600 0 2600 69.1 0 0z\"\/>\n\t<path class=\"elementor-shape-fill\" style=\"opacity:0.5\" d=\"M0 0L2600 0 2600 69.1 0 69.1z\"\/>\n\t<path class=\"elementor-shape-fill\" style=\"opacity:0.25\" d=\"M2600 0L0 0 0 130.1 2600 69.1z\"\/>\n<\/svg>\t\t<\/div>\n\t\t\t\t\t<div class=\"elementor-container elementor-column-gap-default\">\n\t\t\t\t\t<div class=\"elementor-column elementor-col-100 elementor-top-column elementor-element elementor-element-70dd6b99\" data-id=\"70dd6b99\" data-element_type=\"column\" data-e-type=\"column\">\n\t\t\t<div class=\"elementor-widget-wrap elementor-element-populated\">\n\t\t\t\t\t\t<div class=\"elementor-element elementor-element-7cac9285 elementor-widget elementor-widget-heading\" data-id=\"7cac9285\" data-element_type=\"widget\" data-e-type=\"widget\" data-widget_type=\"heading.default\">\n\t\t\t\t<div class=\"elementor-widget-container\">\n\t\t\t\t\t<h1 class=\"elementor-heading-title elementor-size-default\">O\u00f9 que la route vous m\u00e8ne... vous pouvez compter sur nous.<\/h1>\t\t\t\t<\/div>\n\t\t\t\t<\/div>\n\t\t\t\t\t<\/div>\n\t\t<\/div>\n\t\t\t\t\t<\/div>\n\t\t<\/section>\n\t\t\t\t<section class=\"elementor-section elementor-top-section elementor-element elementor-element-f134891 elementor-section-boxed elementor-section-height-default elementor-section-height-default\" data-id=\"f134891\" data-element_type=\"section\" data-e-type=\"section\">\n\t\t\t\t\t\t<div class=\"elementor-container elementor-column-gap-default\">\n\t\t\t\t\t<div class=\"elementor-column elementor-col-100 elementor-top-column elementor-element elementor-element-14e2fae\" data-id=\"14e2fae\" data-element_type=\"column\" data-e-type=\"column\">\n\t\t\t<div class=\"elementor-widget-wrap elementor-element-populated\">\n\t\t\t\t\t\t<div class=\"elementor-element elementor-element-b72577c elementor-widget elementor-widget-heading\" data-id=\"b72577c\" data-element_type=\"widget\" data-e-type=\"widget\" data-widget_type=\"heading.default\">\n\t\t\t\t<div class=\"elementor-widget-container\">\n\t\t\t\t\t<h2 class=\"elementor-heading-title elementor-size-default\">L'histoire du r\u00e9seau ROUTE 66 RV<\/h2>\t\t\t\t<\/div>\n\t\t\t\t<\/div>\n\t\t\t\t\t<\/div>\n\t\t<\/div>\n\t\t\t\t\t<\/div>\n\t\t<\/section>\n\t\t\t\t<section class=\"elementor-section elementor-top-section elementor-element elementor-element-55784cf elementor-section-boxed elementor-section-height-default elementor-section-height-default\" data-id=\"55784cf\" data-element_type=\"section\" data-e-type=\"section\">\n\t\t\t\t\t\t<div class=\"elementor-container elementor-column-gap-default\">\n\t\t\t\t\t<div class=\"elementor-column elementor-col-50 elementor-top-column elementor-element elementor-element-ff86772\" data-id=\"ff86772\" data-element_type=\"column\" data-e-type=\"column\">\n\t\t\t<div class=\"elementor-widget-wrap elementor-element-populated\">\n\t\t\t\t\t\t<div class=\"elementor-element elementor-element-bd01b2a elementor-widget elementor-widget-text-editor\" data-id=\"bd01b2a\" data-element_type=\"widget\" data-e-type=\"widget\" data-widget_type=\"text-editor.default\">\n\t\t\t\t<div class=\"elementor-widget-container\">\n\t\t\t\t\t\t\t\t\t<p style=\"letter-spacing: 0.4px;\">Depuis plus de 25 ans, les fr\u00e8res Steve et Dave Francis et leur ami de longue date Rob Merrill se sont crois\u00e9s \u00e0 maintes reprises au cours de leur carri\u00e8re. Chacun d&rsquo;entre eux a observ\u00e9 la consolidation qui s&rsquo;op\u00e8re dans divers secteurs d&rsquo;activit\u00e9. Les industries qui \u00e9taient auparavant domin\u00e9es par des entreprises familiales et ind\u00e9pendantes commen\u00e7aient \u00e0 se regrouper dans des cha\u00eenes de magasins \u00e0 grande surface. En tant que propri\u00e9taire de Trailside RV Center, Steve a vu les avantages \u00e9vidents pour le consommateur d&rsquo;acheter aupr\u00e8s d&rsquo;une entreprise locale, ainsi que la synergie potentielle de l&rsquo;association des concessionnaires en un groupe engag\u00e9 \u00e0 servir les consommateurs de v\u00e9hicules r\u00e9cr\u00e9atifs dans leurs d\u00e9placements.<\/p>\n\t\t\t\t\t\t\t\t<\/div>\n\t\t\t\t<\/div>\n\t\t\t\t\t<\/div>\n\t\t<\/div>\n\t\t\t\t<div class=\"elementor-column elementor-col-50 elementor-top-column elementor-element elementor-element-da9d28e\" data-id=\"da9d28e\" data-element_type=\"column\" data-e-type=\"column\">\n\t\t\t<div class=\"elementor-widget-wrap elementor-element-populated\">\n\t\t\t\t\t\t<div class=\"elementor-element elementor-element-751df8c elementor-widget elementor-widget-video\" data-id=\"751df8c\" data-element_type=\"widget\" data-e-type=\"widget\" data-settings=\"{&quot;video_type&quot;:&quot;vimeo&quot;}\" data-widget_type=\"video.default\">\n\t\t\t\t<div class=\"elementor-widget-container\">\n\t\t\t\t\t\t\t<div class=\"elementor-wrapper elementor-open-inline\">\n\t\t\t<iframe class=\"elementor-video-iframe\" allowfullscreen allow=\"clipboard-write\" title=\"Lecteur vid\u00e9o vimeo\" src=\"https:\/\/player.vimeo.com\/video\/182888713?color&amp;autopause=0&amp;loop=0&amp;muted=0&amp;title=1&amp;portrait=1&amp;byline=1#t=\"><\/iframe>\t\t<\/div>\n\t\t\t\t\t\t<\/div>\n\t\t\t\t<\/div>\n\t\t\t\t\t<\/div>\n\t\t<\/div>\n\t\t\t\t\t<\/div>\n\t\t<\/section>\n\t\t\t\t<section class=\"elementor-section elementor-top-section elementor-element elementor-element-775e750 elementor-section-boxed elementor-section-height-default elementor-section-height-default\" data-id=\"775e750\" data-element_type=\"section\" data-e-type=\"section\">\n\t\t\t\t\t\t<div class=\"elementor-container elementor-column-gap-default\">\n\t\t\t\t\t<div class=\"elementor-column elementor-col-100 elementor-top-column elementor-element elementor-element-d4e73ca\" data-id=\"d4e73ca\" data-element_type=\"column\" data-e-type=\"column\">\n\t\t\t<div class=\"elementor-widget-wrap elementor-element-populated\">\n\t\t\t\t\t\t<div class=\"elementor-element elementor-element-092805a elementor-widget elementor-widget-text-editor\" data-id=\"092805a\" data-element_type=\"widget\" data-e-type=\"widget\" data-widget_type=\"text-editor.default\">\n\t\t\t\t<div class=\"elementor-widget-container\">\n\t\t\t\t\t\t\t\t\t<p><span style=\"color: var( --e-global-color-accent ); letter-spacing: 0.4px;\">Le r\u00e9seau ROUTE 66 RV a d\u00e9but\u00e9 \u00e0 l&rsquo;automne 2003 avec 17 membres fondateurs. Gr\u00e2ce au travail et aux efforts de ces premiers pionniers et \u00e0 la vision de l&rsquo;\u00e9quipe, le r\u00e9seau de concessionnaires de v\u00e9hicules r\u00e9cr\u00e9atifs s&rsquo;est rapidement d\u00e9velopp\u00e9 pour atteindre plus de 150 sites dans l&rsquo;ensemble des \u00c9tats-Unis. Nous avons \u00e9t\u00e9 acclam\u00e9s au niveau national pour notre croissance et notre r\u00e9ussite \u00e0 offrir aux consommateurs de v\u00e9hicules r\u00e9cr\u00e9atifs le \u00ab\u00a0meilleur des deux mondes\u00a0\u00bb : l&rsquo;attention personnelle et l&rsquo;engagement d&rsquo;une petite entreprise locale avec la commodit\u00e9 et les \u00e9conomies d&rsquo;une organisation de plus de 2 milliards de dollars.<\/span><\/p>\n<p>En 2013, le r\u00e9seau a entrepris deux initiatives importantes : s&rsquo;aligner sur les terrains de camping KOA, le nom le plus reconnu dans le domaine des loisirs de plein air, et \u00e9tendre nos concessionnaires de v\u00e9hicules r\u00e9cr\u00e9atifs au Canada. Gr\u00e2ce \u00e0 ces alliances, un service de qualit\u00e9 sup\u00e9rieure et des \u00e9conomies sont offerts aux concessionnaires du Canada et \u00e0 des centaines de parcs de v\u00e9hicules r\u00e9cr\u00e9atifs KOA partenaires dans toute l&rsquo;Am\u00e9rique du Nord.<\/p>\n<p>En 2020, le r\u00e9seau ROUTE 66 RV Network a form\u00e9 une nouvelle alliance avec RV Care Network qui a permis \u00e0 nos 200+ concessionnaires combin\u00e9s de mieux servir les consommateurs voyageurs dans toute l&rsquo;Am\u00e9rique du Nord. Ce partenariat a renforc\u00e9 les deux r\u00e9seaux et nous n&rsquo;avons jamais \u00e9t\u00e9 aussi bien \u00e9quip\u00e9s pour tenir notre promesse : \u00ab\u00a0O\u00f9 que la route vous m\u00e8ne, vous pouvez compter sur nous\u00a0\u00bb.<\/p>\t\t\t\t\t\t\t\t<\/div>\n\t\t\t\t<\/div>\n\t\t\t\t\t<\/div>\n\t\t<\/div>\n\t\t\t\t\t<\/div>\n\t\t<\/section>\n\t\t\t\t<section class=\"elementor-section elementor-top-section elementor-element elementor-element-8e6ad3c elementor-section-boxed elementor-section-height-default elementor-section-height-default\" data-id=\"8e6ad3c\" data-element_type=\"section\" data-e-type=\"section\" data-settings=\"{&quot;background_background&quot;:&quot;classic&quot;}\">\n\t\t\t\t\t\t<div class=\"elementor-container elementor-column-gap-default\">\n\t\t\t\t\t<div class=\"elementor-column elementor-col-100 elementor-top-column elementor-element elementor-element-6da9012\" data-id=\"6da9012\" data-element_type=\"column\" data-e-type=\"column\">\n\t\t\t<div class=\"elementor-widget-wrap elementor-element-populated\">\n\t\t\t\t\t\t<div class=\"elementor-element elementor-element-00b46bc elementor-widget elementor-widget-text-editor\" data-id=\"00b46bc\" data-element_type=\"widget\" data-e-type=\"widget\" data-widget_type=\"text-editor.default\">\n\t\t\t\t<div class=\"elementor-widget-container\">\n\t\t\t\t\t\t\t\t\t<h2>Pourquoi acheter chez un concessionnaire ROUTE 66 ?<\/h2>\n<p>Lorsque vous magasinez avec un concessionnaire Route 66 RV, vous pouvez vous attendre \u00e0 recevoir le plus haut niveau d&rsquo;int\u00e9grit\u00e9, de service \u00e0 la client\u00e8le et de soutien apr\u00e8s-vente. Seuls les meilleurs concessionnaires des \u00c9tats-Unis et du Canada sont invit\u00e9s \u00e0 rejoindre notre r\u00e9seau et c&rsquo;est gr\u00e2ce \u00e0 leur engagement \u00e0 offrir aux clients une exp\u00e9rience exceptionnelle dans le domaine des v\u00e9hicules r\u00e9cr\u00e9atifs qu&rsquo;ils conservent leur statut de membre.<\/p>\n<p>Le r\u00e9seau ROUTE 66 RV offre \u00e0 ses clients plus de 1 200 aires de service o\u00f9 travaillent pr\u00e8s de 2 000 techniciens certifi\u00e9s RVDA. Notre r\u00e9seau dispose \u00e9galement de plusieurs moyens sp\u00e9cifiques pour soutenir les clients apr\u00e8s la vente, notamment : la promesse de service \u00e0 la client\u00e8le de la ROUTE 66, le r\u00e9seau propri\u00e9taire de la ROUTE 66, le ROUTE 66 RV Club, la ROUTE 66 Certified Pre-Owned, les contrats de service de la ROUTE 66 Classic Coverage Plus et les plans de protection des pi\u00e8ces 66.<\/p>\n\t\t\t\t\t\t\t\t<\/div>\n\t\t\t\t<\/div>\n\t\t\t\t\t<\/div>\n\t\t<\/div>\n\t\t\t\t\t<\/div>\n\t\t<\/section>\n\t\t\t\t<\/div>\n\t\t","protected":false},"excerpt":{"rendered":"<p>O\u00f9 que la route vous m\u00e8ne&#8230; vous pouvez compter sur nous. L&rsquo;histoire du r\u00e9seau ROUTE 66 RV Depuis plus de 25 ans, les fr\u00e8res Steve et Dave Francis et leur ami de longue date Rob Merrill se sont crois\u00e9s \u00e0 maintes reprises au cours de leur carri\u00e8re. Chacun d&rsquo;entre eux a observ\u00e9 la consolidation qui [&hellip;]<\/p>\n","protected":false},"author":1,"featured_media":0,"parent":0,"menu_order":0,"comment_status":"closed","ping_status":"closed","template":"elementor_header_footer","meta":{"footnotes":""},"class_list":["post-2186","page","type-page","status-publish","hentry"],"yoast_head":"<!-- This site is optimized with the Yoast SEO plugin v27.3 - https:\/\/yoast.com\/product\/yoast-seo-wordpress\/ -->\n<title>Concessionnaires ind\u00e9pendants de v\u00e9hicules r\u00e9cr\u00e9atifs | R\u00e9seau de concessionnaires de v\u00e9hicules r\u00e9cr\u00e9atifs d&#039;Am\u00e9rique du Nord<\/title>\n<meta name=\"description\" content=\"Le r\u00e9seau de concessionnaires Route 66 RV est compos\u00e9 de plus de 200 concessionnaires RV \u00e0 travers l&#039;Am\u00e9rique du Nord, ce qui permet \u00e0 tous les concessionnaires du r\u00e9seau de mieux servir les consommateurs qui voyagent.\" \/>\n<meta name=\"robots\" content=\"index, follow, max-snippet:-1, max-image-preview:large, max-video-preview:-1\" \/>\n<link rel=\"canonical\" href=\"https:\/\/route66rv.com\/fr\/a-propos-de-lhistoire-de-la-route-66\/\" \/>\n<meta property=\"og:locale\" content=\"fr_FR\" \/>\n<meta property=\"og:type\" content=\"article\" \/>\n<meta property=\"og:title\" content=\"Concessionnaires ind\u00e9pendants de v\u00e9hicules r\u00e9cr\u00e9atifs | R\u00e9seau de concessionnaires de v\u00e9hicules r\u00e9cr\u00e9atifs d&#039;Am\u00e9rique du Nord\" \/>\n<meta property=\"og:description\" content=\"Le r\u00e9seau de concessionnaires Route 66 RV est compos\u00e9 de plus de 200 concessionnaires RV \u00e0 travers l&#039;Am\u00e9rique du Nord, ce qui permet \u00e0 tous les concessionnaires du r\u00e9seau de mieux servir les consommateurs qui voyagent.\" \/>\n<meta property=\"og:url\" content=\"https:\/\/route66rv.com\/fr\/a-propos-de-lhistoire-de-la-route-66\/\" \/>\n<meta property=\"og:site_name\" content=\"Route 66 RV Network\" \/>\n<meta property=\"article:modified_time\" content=\"2023-06-06T20:58:34+00:00\" \/>\n<meta name=\"twitter:card\" content=\"summary_large_image\" \/>\n<meta name=\"twitter:label1\" content=\"Dur\u00e9e de lecture estim\u00e9e\" \/>\n\t<meta name=\"twitter:data1\" content=\"3 minutes\" \/>\n<script type=\"application\/ld+json\" class=\"yoast-schema-graph\">{\"@context\":\"https:\\\/\\\/schema.org\",\"@graph\":[{\"@type\":\"WebPage\",\"@id\":\"https:\\\/\\\/route66rv.com\\\/fr\\\/a-propos-de-lhistoire-de-la-route-66\\\/\",\"url\":\"https:\\\/\\\/route66rv.com\\\/fr\\\/a-propos-de-lhistoire-de-la-route-66\\\/\",\"name\":\"Concessionnaires ind\u00e9pendants de v\u00e9hicules r\u00e9cr\u00e9atifs | R\u00e9seau de concessionnaires de v\u00e9hicules r\u00e9cr\u00e9atifs d'Am\u00e9rique du Nord\",\"isPartOf\":{\"@id\":\"https:\\\/\\\/route66rv.com\\\/#website\"},\"datePublished\":\"2022-02-09T20:11:15+00:00\",\"dateModified\":\"2023-06-06T20:58:34+00:00\",\"description\":\"Le r\u00e9seau de concessionnaires Route 66 RV est compos\u00e9 de plus de 200 concessionnaires RV \u00e0 travers l'Am\u00e9rique du Nord, ce qui permet \u00e0 tous les concessionnaires du r\u00e9seau de mieux servir les consommateurs qui voyagent.\",\"breadcrumb\":{\"@id\":\"https:\\\/\\\/route66rv.com\\\/fr\\\/a-propos-de-lhistoire-de-la-route-66\\\/#breadcrumb\"},\"inLanguage\":\"fr-FR\",\"potentialAction\":[{\"@type\":\"ReadAction\",\"target\":[\"https:\\\/\\\/route66rv.com\\\/fr\\\/a-propos-de-lhistoire-de-la-route-66\\\/\"]}]},{\"@type\":\"BreadcrumbList\",\"@id\":\"https:\\\/\\\/route66rv.com\\\/fr\\\/a-propos-de-lhistoire-de-la-route-66\\\/#breadcrumb\",\"itemListElement\":[{\"@type\":\"ListItem\",\"position\":1,\"name\":\"Home\",\"item\":\"https:\\\/\\\/route66rv.com\\\/\"},{\"@type\":\"ListItem\",\"position\":2,\"name\":\"\u00c0 propos de\"}]},{\"@type\":\"WebSite\",\"@id\":\"https:\\\/\\\/route66rv.com\\\/#website\",\"url\":\"https:\\\/\\\/route66rv.com\\\/\",\"name\":\"Route 66 RV Network\",\"description\":\"Wherever the road takes you... You can count on us!\",\"publisher\":{\"@id\":\"https:\\\/\\\/route66rv.com\\\/#organization\"},\"potentialAction\":[{\"@type\":\"SearchAction\",\"target\":{\"@type\":\"EntryPoint\",\"urlTemplate\":\"https:\\\/\\\/route66rv.com\\\/?s={search_term_string}\"},\"query-input\":{\"@type\":\"PropertyValueSpecification\",\"valueRequired\":true,\"valueName\":\"search_term_string\"}}],\"inLanguage\":\"fr-FR\"},{\"@type\":\"Organization\",\"@id\":\"https:\\\/\\\/route66rv.com\\\/#organization\",\"name\":\"Route 66 RV Network\",\"url\":\"https:\\\/\\\/route66rv.com\\\/\",\"logo\":{\"@type\":\"ImageObject\",\"inLanguage\":\"fr-FR\",\"@id\":\"https:\\\/\\\/route66rv.com\\\/#\\\/schema\\\/logo\\\/image\\\/\",\"url\":\"https:\\\/\\\/route66rv.com\\\/wp-content\\\/uploads\\\/2021\\\/08\\\/r66-3d_white.png\",\"contentUrl\":\"https:\\\/\\\/route66rv.com\\\/wp-content\\\/uploads\\\/2021\\\/08\\\/r66-3d_white.png\",\"width\":539,\"height\":584,\"caption\":\"Route 66 RV Network\"},\"image\":{\"@id\":\"https:\\\/\\\/route66rv.com\\\/#\\\/schema\\\/logo\\\/image\\\/\"}}]}<\/script>\n<!-- \/ Yoast SEO plugin. -->","yoast_head_json":{"title":"Concessionnaires ind\u00e9pendants de v\u00e9hicules r\u00e9cr\u00e9atifs | R\u00e9seau de concessionnaires de v\u00e9hicules r\u00e9cr\u00e9atifs d'Am\u00e9rique du Nord","description":"Le r\u00e9seau de concessionnaires Route 66 RV est compos\u00e9 de plus de 200 concessionnaires RV \u00e0 travers l'Am\u00e9rique du Nord, ce qui permet \u00e0 tous les concessionnaires du r\u00e9seau de mieux servir les consommateurs qui voyagent.","robots":{"index":"index","follow":"follow","max-snippet":"max-snippet:-1","max-image-preview":"max-image-preview:large","max-video-preview":"max-video-preview:-1"},"canonical":"https:\/\/route66rv.com\/fr\/a-propos-de-lhistoire-de-la-route-66\/","og_locale":"fr_FR","og_type":"article","og_title":"Concessionnaires ind\u00e9pendants de v\u00e9hicules r\u00e9cr\u00e9atifs | R\u00e9seau de concessionnaires de v\u00e9hicules r\u00e9cr\u00e9atifs d'Am\u00e9rique du Nord","og_description":"Le r\u00e9seau de concessionnaires Route 66 RV est compos\u00e9 de plus de 200 concessionnaires RV \u00e0 travers l'Am\u00e9rique du Nord, ce qui permet \u00e0 tous les concessionnaires du r\u00e9seau de mieux servir les consommateurs qui voyagent.","og_url":"https:\/\/route66rv.com\/fr\/a-propos-de-lhistoire-de-la-route-66\/","og_site_name":"Route 66 RV Network","article_modified_time":"2023-06-06T20:58:34+00:00","twitter_card":"summary_large_image","twitter_misc":{"Dur\u00e9e de lecture estim\u00e9e":"3 minutes"},"schema":{"@context":"https:\/\/schema.org","@graph":[{"@type":"WebPage","@id":"https:\/\/route66rv.com\/fr\/a-propos-de-lhistoire-de-la-route-66\/","url":"https:\/\/route66rv.com\/fr\/a-propos-de-lhistoire-de-la-route-66\/","name":"Concessionnaires ind\u00e9pendants de v\u00e9hicules r\u00e9cr\u00e9atifs | R\u00e9seau de concessionnaires de v\u00e9hicules r\u00e9cr\u00e9atifs d'Am\u00e9rique du Nord","isPartOf":{"@id":"https:\/\/route66rv.com\/#website"},"datePublished":"2022-02-09T20:11:15+00:00","dateModified":"2023-06-06T20:58:34+00:00","description":"Le r\u00e9seau de concessionnaires Route 66 RV est compos\u00e9 de plus de 200 concessionnaires RV \u00e0 travers l'Am\u00e9rique du Nord, ce qui permet \u00e0 tous les concessionnaires du r\u00e9seau de mieux servir les consommateurs qui voyagent.","breadcrumb":{"@id":"https:\/\/route66rv.com\/fr\/a-propos-de-lhistoire-de-la-route-66\/#breadcrumb"},"inLanguage":"fr-FR","potentialAction":[{"@type":"ReadAction","target":["https:\/\/route66rv.com\/fr\/a-propos-de-lhistoire-de-la-route-66\/"]}]},{"@type":"BreadcrumbList","@id":"https:\/\/route66rv.com\/fr\/a-propos-de-lhistoire-de-la-route-66\/#breadcrumb","itemListElement":[{"@type":"ListItem","position":1,"name":"Home","item":"https:\/\/route66rv.com\/"},{"@type":"ListItem","position":2,"name":"\u00c0 propos de"}]},{"@type":"WebSite","@id":"https:\/\/route66rv.com\/#website","url":"https:\/\/route66rv.com\/","name":"Route 66 RV Network","description":"Wherever the road takes you... You can count on us!","publisher":{"@id":"https:\/\/route66rv.com\/#organization"},"potentialAction":[{"@type":"SearchAction","target":{"@type":"EntryPoint","urlTemplate":"https:\/\/route66rv.com\/?s={search_term_string}"},"query-input":{"@type":"PropertyValueSpecification","valueRequired":true,"valueName":"search_term_string"}}],"inLanguage":"fr-FR"},{"@type":"Organization","@id":"https:\/\/route66rv.com\/#organization","name":"Route 66 RV Network","url":"https:\/\/route66rv.com\/","logo":{"@type":"ImageObject","inLanguage":"fr-FR","@id":"https:\/\/route66rv.com\/#\/schema\/logo\/image\/","url":"https:\/\/route66rv.com\/wp-content\/uploads\/2021\/08\/r66-3d_white.png","contentUrl":"https:\/\/route66rv.com\/wp-content\/uploads\/2021\/08\/r66-3d_white.png","width":539,"height":584,"caption":"Route 66 RV Network"},"image":{"@id":"https:\/\/route66rv.com\/#\/schema\/logo\/image\/"}}]}},"_links":{"self":[{"href":"https:\/\/route66rv.com\/fr\/wp-json\/wp\/v2\/pages\/2186","targetHints":{"allow":["GET"]}}],"collection":[{"href":"https:\/\/route66rv.com\/fr\/wp-json\/wp\/v2\/pages"}],"about":[{"href":"https:\/\/route66rv.com\/fr\/wp-json\/wp\/v2\/types\/page"}],"author":[{"embeddable":true,"href":"https:\/\/route66rv.com\/fr\/wp-json\/wp\/v2\/users\/1"}],"replies":[{"embeddable":true,"href":"https:\/\/route66rv.com\/fr\/wp-json\/wp\/v2\/comments?post=2186"}],"version-history":[{"count":0,"href":"https:\/\/route66rv.com\/fr\/wp-json\/wp\/v2\/pages\/2186\/revisions"}],"wp:attachment":[{"href":"https:\/\/route66rv.com\/fr\/wp-json\/wp\/v2\/media?parent=2186"}],"curies":[{"name":"wp","href":"https:\/\/api.w.org\/{rel}","templated":true}]}}