{"id":2184,"date":"2021-11-11T14:32:25","date_gmt":"2021-11-11T20:32:25","guid":{"rendered":"https:\/\/route66rv.com\/emplacement-des-concessionnaires\/"},"modified":"2023-06-06T16:16:57","modified_gmt":"2023-06-06T21:16:57","slug":"localisateur-de-revendeurs","status":"publish","type":"page","link":"https:\/\/route66rv.com\/fr\/localisateur-de-revendeurs\/","title":{"rendered":"Emplacement des concessionnaires"},"content":{"rendered":"\t\t<div data-elementor-type=\"wp-page\" data-elementor-id=\"2184\" class=\"elementor elementor-2184 elementor-143\" data-elementor-post-type=\"page\">\n\t\t\t\t\t\t<section class=\"elementor-section elementor-top-section elementor-element elementor-element-ccd028c elementor-section-boxed elementor-section-height-default elementor-section-height-default\" data-id=\"ccd028c\" data-element_type=\"section\" data-e-type=\"section\">\n\t\t\t\t\t\t<div class=\"elementor-container elementor-column-gap-default\">\n\t\t\t\t\t<div class=\"elementor-column elementor-col-100 elementor-top-column elementor-element elementor-element-51f4b6f\" data-id=\"51f4b6f\" data-element_type=\"column\" data-e-type=\"column\">\n\t\t\t<div class=\"elementor-widget-wrap elementor-element-populated\">\n\t\t\t\t\t\t<div class=\"elementor-element elementor-element-b72577c elementor-widget elementor-widget-heading\" data-id=\"b72577c\" data-element_type=\"widget\" data-e-type=\"widget\" data-widget_type=\"heading.default\">\n\t\t\t\t<div class=\"elementor-widget-container\">\n\t\t\t\t\t<h1 class=\"elementor-heading-title elementor-size-default\">B\u00e9n\u00e9ficiez d'un service et d'une assistance de premier ordre lors de vos d\u00e9placements en Am\u00e9rique du Nord<\/h1>\t\t\t\t<\/div>\n\t\t\t\t<\/div>\n\t\t\t\t<div class=\"elementor-element elementor-element-d5f6570 elementor-widget elementor-widget-text-editor\" data-id=\"d5f6570\" data-element_type=\"widget\" data-e-type=\"widget\" data-widget_type=\"text-editor.default\">\n\t\t\t\t<div class=\"elementor-widget-container\">\n\t\t\t\t\t\t\t\t\t<p>Vous est-il d\u00e9j\u00e0 arriv\u00e9 d&rsquo;\u00eatre bloqu\u00e9 dans une nouvelle ville avec un v\u00e9hicule r\u00e9cr\u00e9atif en panne et de ne pas savoir qui appeler ? En tant que client de ROUTE 66 RV Care,&nbsp;, vous pouvez \u00eatre assur\u00e9 que l&rsquo;un de nos 200 points de vente peut vous aider lorsque vous voyagez \u00e0 travers l&rsquo;Am\u00e9rique du Nord. Consultez notre carte ci-dessous pour trouver le concessionnaire ROUTE 66 RV Care le plus proche.<\/p>\n\t\t\t\t\t\t\t\t<\/div>\n\t\t\t\t<\/div>\n\t\t\t\t\t<\/div>\n\t\t<\/div>\n\t\t\t\t\t<\/div>\n\t\t<\/section>\n\t\t\t\t<section class=\"elementor-section elementor-top-section elementor-element elementor-element-21bf025 elementor-section-boxed elementor-section-height-default elementor-section-height-default\" data-id=\"21bf025\" data-element_type=\"section\" data-e-type=\"section\">\n\t\t\t\t\t\t<div class=\"elementor-container elementor-column-gap-default\">\n\t\t\t\t\t<div class=\"elementor-column elementor-col-100 elementor-top-column elementor-element elementor-element-a378994\" data-id=\"a378994\" data-element_type=\"column\" data-e-type=\"column\">\n\t\t\t<div class=\"elementor-widget-wrap elementor-element-populated\">\n\t\t\t\t\t\t<div class=\"elementor-element elementor-element-7f05363 elementor-widget elementor-widget-shortcode\" data-id=\"7f05363\" data-element_type=\"widget\" data-e-type=\"widget\" data-widget_type=\"shortcode.default\">\n\t\t\t\t<div class=\"elementor-widget-container\">\n\t\t\t\t\t\t\t<div class=\"elementor-shortcode\">\r\n            \r\n            \r\n            \r\n            <a name='map1'><\/a>\r\n            \r\n            \r\n            \r\n            \r\n            <div class=\"wpgmza_map \"  id=\"wpgmza_map_1\" style=\"display:block; overflow:auto; width:100%; height:600px; margin-left:auto !important; margin-right:auto !important; align:center;\" data-settings='{\"id\":\"1\",\"map_title\":\"Dealer Locator\",\"map_width\":\"100\",\"map_height\":\"600\",\"map_start_lat\":\"39.05711219316785\",\"map_start_lng\":\"-99.90212801969365\",\"map_start_location\":\"45.950464398418106,-109.81550500000003\",\"map_start_zoom\":\"4\",\"default_marker\":\"\",\"type\":\"1\",\"alignment\":\"4\",\"directions_enabled\":\"0\",\"styling_enabled\":\"0\",\"styling_json\":\"\",\"active\":\"0\",\"kml\":\"\",\"bicycle\":\"0\",\"traffic\":\"0\",\"dbox\":\"1\",\"dbox_width\":\"\",\"listmarkers\":\"0\",\"listmarkers_advanced\":\"0\",\"filterbycat\":\"0\",\"ugm_enabled\":\"0\",\"ugm_category_enabled\":\"0\",\"fusion\":\"\",\"map_width_type\":\"%\",\"map_height_type\":\"px\",\"mass_marker_support\":\"0\",\"ugm_access\":\"0\",\"order_markers_by\":\"2\",\"order_markers_choice\":\"1\",\"show_user_location\":\"0\",\"default_to\":\"\",\"other_settings\":{\"map_type\":1,\"sl_stroke_color\":\"#000000\",\"sl_fill_color\":\"#000000\",\"sl_stroke_opacity\":\"\",\"sl_fill_opacity\":\"\",\"transport_layer\":false,\"action\":\"wpgmza_save_map\",\"redirect_to\":\"\\\/wp-admin\\\/admin-post.php\",\"map_id\":\"1\",\"http_referer\":\"\\\/wp-admin\\\/admin.php?page=wp-google-maps-menu&amp;amp;action=edit&amp;amp;map_id=1\",\"wpgmza_id\":\"1\",\"wpgmza_start_location\":\"39.05711219316785,-99.90212801969365\",\"wpgmza_start_zoom\":\"4\",\"store_locator_enabled\":true,\"store_locator_search_area\":\"radial\",\"wpgmza_store_locator_radius_style\":\"modern\",\"wpgmza_store_locator_default_radius\":\"300\",\"store_locator_auto_area_max_zoom\":\"\",\"store_locator_distance\":true,\"wpgmza_store_locator_position\":true,\"store_locator_show_distance\":true,\"store_locator_category\":false,\"wpgmza_store_locator_use_their_location\":true,\"wpgmza_store_locator_bounce\":false,\"wpgmza_sl_animation\":\"0\",\"wpgmza_store_locator_hide_before_search\":false,\"store_locator_query_string\":\"\",\"store_locator_default_address\":\"\",\"store_locator_name_search\":false,\"store_locator_name_string\":\"Enter a Dealership Name\",\"store_locator_not_found_message\":\"\",\"wpgmza_map_align\":\"2\",\"jump_to_nearest_marker_on_initialization\":false,\"automatically_pan_to_users_location\":false,\"override_users_location_zoom_level\":false,\"override_users_location_zoom_levels\":\"\",\"show_distance_from_location\":false,\"map_max_zoom\":\"21\",\"map_min_zoom\":\"0\",\"click_open_link\":false,\"fit_maps_bounds_to_markers\":false,\"fit_maps_bounds_to_markers_after_filtering\":false,\"hide_point_of_interest\":false,\"wpgmza_zoom_on_marker_click\":false,\"wpgmza_zoom_on_marker_click_slider\":\"\",\"close_infowindow_on_map_click\":false,\"disable_lightbox_images\":false,\"use_Raw_Jpeg_Coordinates\":false,\"disable_polygon_info_windows\":false,\"enable_marker_ratings\":false,\"only_load_markers_within_viewport\":false,\"iw_primary_color\":\"#000000\",\"iw_accent_color\":\"#000000\",\"iw_text_color\":\"#000000\",\"wpgmza_listmarkers_by\":\"4\",\"wpgmza_marker_listing_position\":false,\"zoom_level_on_marker_listing_override\":false,\"zoom_level_on_marker_listing_click\":\"\",\"datatable_no_result_message\":\"\",\"remove_search_box_datables\":false,\"dataTable_pagination_style\":\"default\",\"datatable_search_string\":\"\",\"datatable_result_start\":\"\",\"datatable_result_of\":\"\",\"datatable_result_to\":\"\",\"datatable_result_total\":\"\",\"datatable_result_show\":\"\",\"datatable_result_entries\":\"\",\"wpgmza_savemap\":\"Save Map \\u00bb\",\"shortcodeAttributes\":{\"id\":\"1\"},\"wpgmza_theme_data\":\"[{\\\"featureType\\\": \\\"administrative\\\",\\\"elementType\\\": \\\"labels.text.fill\\\",\\\"stylers\\\": [{\\\"color\\\": \\\"#444444\\\"}]},{\\\"featureType\\\": \\\"landscape\\\",\\\"elementType\\\": \\\"all\\\",\\\"stylers\\\": [{\\\"color\\\": \\\"#f2f2f2\\\"}]},{\\\"featureType\\\": \\\"poi\\\",\\\"elementType\\\": \\\"all\\\",\\\"stylers\\\": [{\\\"visibility\\\": \\\"off\\\"}]},{\\\"featureType\\\": \\\"road\\\",\\\"elementType\\\": \\\"all\\\",\\\"stylers\\\": [{\\\"saturation\\\": -100},{\\\"lightness\\\": 45}]},{\\\"featureType\\\": \\\"road.highway\\\",\\\"elementType\\\": \\\"all\\\",\\\"stylers\\\": [{\\\"visibility\\\": \\\"simplified\\\"}]},{\\\"featureType\\\": \\\"road.arterial\\\",\\\"elementType\\\": \\\"labels.icon\\\",\\\"stylers\\\": [{\\\"visibility\\\": \\\"off\\\"}]},{\\\"featureType\\\": \\\"transit\\\",\\\"elementType\\\": \\\"all\\\",\\\"stylers\\\": [{\\\"visibility\\\": \\\"off\\\"}]},{\\\"featureType\\\": \\\"water\\\",\\\"elementType\\\": \\\"all\\\",\\\"stylers\\\": [{\\\"color\\\": \\\"#46bcec\\\"},{\\\"visibility\\\": \\\"on\\\"}]}]\",\"wpgmza_dbox_width_type\":\"%\",\"default_from\":\"\",\"directions_behaviour\":\"default\",\"force_google_directions_app\":false,\"directions_route_origin_icon\":\"https:\\\/\\\/www.route66rv.com\\\/wp-content\\\/plugins\\\/wp-google-maps\\\/images\\\/spotlight-poi2.png\",\"directions_origin_retina\":false,\"directions_route_destination_icon\":\"https:\\\/\\\/www.route66rv.com\\\/wp-content\\\/plugins\\\/wp-google-maps\\\/images\\\/spotlight-poi2.png\",\"directions_destination_retina\":false,\"directions_route_stroke_color\":\"#4f8df5\",\"directions_route_stroke_weight\":\"4\",\"directions_route_stroke_opacity\":\"0.8\",\"directions_fit_bounds_to_route\":false,\"wpgmza_store_locator_restrict\":\"\",\"upload_default_sl_marker\":\"\",\"upload_default_sl_marker_retina\":false,\"retina\":false,\"upload_default_ul_marker\":\"\",\"upload_default_ul_marker_retina\":false,\"polygon_labels\":false,\"enable_advanced_custom_fields_integration\":false,\"enable_toolset_woocommerce_integration\":false,\"wpgmza_push_in_map\":false,\"wpgmza_push_in_map_placement\":\"7\",\"wpgmza_push_in_map_width\":\"\",\"wpgmza_push_in_map_height\":\"100%\",\"wpgmza_theme\":\"1\",\"wpgmza_iw_type\":\"0\",\"store_locator_location_placeholder\":\"\",\"enable_marker_labels\":false,\"zoom_level_mobile_override_enabled\":false,\"zoom_level_mobile_override\":\"\",\"marker_listing_disable_zoom\":false}}' data-map-id='1' data-shortcode-attributes='{\"id\":\"1\"}'> <\/div>\r\n            <div class=\"wpgmza-store-locator wpgmza_sl_main_div\" data-id=\"1\">\r\n\t<div class=\"wpgmza-address-container wpgmza-form-field wpgmza_sl_query_div\">\r\n\t\t<label class=\"wpgmza-address wpgmza-form-field__label wpgmza-form-field__label--float\" data-name=\"addressLabel\" for=\"addressInput_1\">Code Postal\u00a0\/\u00a0Adresse\u00a0:<\/label>\r\n\t\t<input class=\"wpgmza-address addressInput\" type=\"text\" placeholder=\"Entrez un emplacement\" autocomplete=\"off\" data-name=\"defaultAddress\" value=\"\" id=\"addressInput_1\" size=\"20\">\r\n\t<\/div>\r\n\t\r\n\t<div class=\"wpgmza-radius-container wpgmza-form-field wpgmza_sl_radius_div wpgmza-clearfix\">\r\n\t\t<label class=\"wpgmza-radius wpgmza-form-field__label wpgmza-form-field__label--float\" for=\"radiusSelect_1\">\r\n\t\t\tRayon\u00a0:\t\t<\/label>\r\n\t\t<select class=\"wpgmza-radius wpgmza-form-field__input wpgmza_sl_radius_select\" id=\"radiusSelect_1\"><option class=\"wpgmza-radius wpgmza_sl_select_option\" value=\"1\">1mi<\/option><option class=\"wpgmza-radius wpgmza_sl_select_option\" value=\"5\">5mi<\/option><option class=\"wpgmza-radius wpgmza_sl_select_option\" value=\"10\" selected>10mi<\/option><option class=\"wpgmza-radius wpgmza_sl_select_option\" value=\"25\">25mi<\/option><option class=\"wpgmza-radius wpgmza_sl_select_option\" value=\"50\">50mi<\/option><option class=\"wpgmza-radius wpgmza_sl_select_option\" value=\"75\">75mi<\/option><option class=\"wpgmza-radius wpgmza_sl_select_option\" value=\"100\">100mi<\/option><option class=\"wpgmza-radius wpgmza_sl_select_option\" value=\"150\">150mi<\/option><option class=\"wpgmza-radius wpgmza_sl_select_option\" value=\"200\">200mi<\/option><option class=\"wpgmza-radius wpgmza_sl_select_option\" value=\"300\">300mi<\/option><\/select>\r\n\t<\/div>\r\n\t\r\n\t<div class=\"wpgmza-search wpgmza_sl_search_button_div\"><input class=\"wpgmza-search wpgmza_sl_search_button_1\" value=\"Rechercher\" type=\"button\" onclick=\"searchLocations(1)\" mid=\"1\"><\/div>\r\n\t\r\n\t<div class=\"wpgmza-reset wpgmza_sl_reset_button_div\">\r\n\t<input class=\"wpgmza-reset wpgmza_sl_reset_button_1\" type=\"button\" value=\"Reset\" mid=\"1\" onclick=\"resetLocations(1)\">\r\n<\/div><div class=\"wpgmza-no-results wpgmza-not-found-msg js-not-found-msg\" style=\"display: none;\">\r\n\t\t<p data-name=\"notFoundMessage\">Aucun r\u00e9sultat trouv\u00e9 dans cet endroit. Veuillez r\u00e9essayer.<\/p>\r\n\t<\/div>\r\n<\/div>\r\n            <div data-wpgmza-table data-wpgmza-php-class=\"WPGMZA\\MarkerListing\\BasicList\" data-wpgmza-rest-api-route=\"\/marker-listing\/\" data-wpgmza-marker-listing=\"true\" class=\"wpgmza_marker_list_class\" style=\"width:100%;\" data-wpgmza-ajax-parameters='{\"map_id\":\"1\"}' id=\"wpgmza_marker_list_1\"><\/div>   \r\n        <\/div>\n\t\t\t\t\t\t<\/div>\n\t\t\t\t<\/div>\n\t\t\t\t\t<\/div>\n\t\t<\/div>\n\t\t\t\t\t<\/div>\n\t\t<\/section>\n\t\t\t\t<section class=\"elementor-section elementor-top-section elementor-element elementor-element-4e60fb9 elementor-section-boxed elementor-section-height-default elementor-section-height-default\" data-id=\"4e60fb9\" data-element_type=\"section\" data-e-type=\"section\">\n\t\t\t\t\t\t<div class=\"elementor-container elementor-column-gap-default\">\n\t\t\t\t\t<div class=\"elementor-column elementor-col-100 elementor-top-column elementor-element elementor-element-86f9585\" data-id=\"86f9585\" data-element_type=\"column\" data-e-type=\"column\">\n\t\t\t<div class=\"elementor-widget-wrap\">\n\t\t\t\t\t\t\t<\/div>\n\t\t<\/div>\n\t\t\t\t\t<\/div>\n\t\t<\/section>\n\t\t\t\t<\/div>\n\t\t","protected":false},"excerpt":{"rendered":"<p>B\u00e9n\u00e9ficiez d&rsquo;un service et d&rsquo;une assistance de premier ordre lors de vos d\u00e9placements en Am\u00e9rique du Nord Vous est-il d\u00e9j\u00e0 arriv\u00e9 d&rsquo;\u00eatre bloqu\u00e9 dans une nouvelle ville avec un v\u00e9hicule r\u00e9cr\u00e9atif en panne et de ne pas savoir qui appeler ? En tant que client de ROUTE 66 RV Care,&nbsp;, vous pouvez \u00eatre assur\u00e9 que [&hellip;]<\/p>\n","protected":false},"author":1,"featured_media":0,"parent":0,"menu_order":0,"comment_status":"closed","ping_status":"closed","template":"elementor_header_footer","meta":{"footnotes":""},"class_list":["post-2184","page","type-page","status-publish","hentry"],"yoast_head":"<!-- This site is optimized with the Yoast SEO plugin v27.3 - https:\/\/yoast.com\/product\/yoast-seo-wordpress\/ -->\n<title>Localiser un r\u00e9seau de VR Route 66 |Distributeur de VR pr\u00e8s de chez moi | Aide au voyage en VR<\/title>\n<meta name=\"description\" content=\"Besoin d&#039;aide lors de vos d\u00e9placements en Am\u00e9rique du Nord ? Trouver un concessionnaire du r\u00e9seau Route 66 RV pr\u00e8s de chez vous est devenu plus facile gr\u00e2ce \u00e0 notre localisateur de concessionnaires de v\u00e9hicules r\u00e9cr\u00e9atifs !\" \/>\n<meta name=\"robots\" content=\"index, follow, max-snippet:-1, max-image-preview:large, max-video-preview:-1\" \/>\n<link rel=\"canonical\" href=\"https:\/\/route66rv.com\/fr\/?page_id=2184\" \/>\n<meta property=\"og:locale\" content=\"fr_FR\" \/>\n<meta property=\"og:type\" content=\"article\" \/>\n<meta property=\"og:title\" content=\"Localiser un r\u00e9seau de VR Route 66 |Distributeur de VR pr\u00e8s de chez moi | Aide au voyage en VR\" \/>\n<meta property=\"og:description\" content=\"Besoin d&#039;aide lors de vos d\u00e9placements en Am\u00e9rique du Nord ? Trouver un concessionnaire du r\u00e9seau Route 66 RV pr\u00e8s de chez vous est devenu plus facile gr\u00e2ce \u00e0 notre localisateur de concessionnaires de v\u00e9hicules r\u00e9cr\u00e9atifs !\" \/>\n<meta property=\"og:url\" content=\"https:\/\/route66rv.com\/fr\/?page_id=2184\" \/>\n<meta property=\"og:site_name\" content=\"Route 66 RV Network\" \/>\n<meta property=\"article:modified_time\" content=\"2023-06-06T21:16:57+00:00\" \/>\n<meta name=\"twitter:card\" content=\"summary_large_image\" \/>\n<script type=\"application\/ld+json\" class=\"yoast-schema-graph\">{\"@context\":\"https:\\\/\\\/schema.org\",\"@graph\":[{\"@type\":\"WebPage\",\"@id\":\"https:\\\/\\\/route66rv.com\\\/fr\\\/?page_id=2184\",\"url\":\"https:\\\/\\\/route66rv.com\\\/fr\\\/?page_id=2184\",\"name\":\"Localiser un r\u00e9seau de VR Route 66 |Distributeur de VR pr\u00e8s de chez moi | Aide au voyage en VR\",\"isPartOf\":{\"@id\":\"https:\\\/\\\/route66rv.com\\\/#website\"},\"datePublished\":\"2021-11-11T20:32:25+00:00\",\"dateModified\":\"2023-06-06T21:16:57+00:00\",\"description\":\"Besoin d'aide lors de vos d\u00e9placements en Am\u00e9rique du Nord ? Trouver un concessionnaire du r\u00e9seau Route 66 RV pr\u00e8s de chez vous est devenu plus facile gr\u00e2ce \u00e0 notre localisateur de concessionnaires de v\u00e9hicules r\u00e9cr\u00e9atifs !\",\"breadcrumb\":{\"@id\":\"https:\\\/\\\/route66rv.com\\\/fr\\\/?page_id=2184#breadcrumb\"},\"inLanguage\":\"fr-FR\",\"potentialAction\":[{\"@type\":\"ReadAction\",\"target\":[\"https:\\\/\\\/route66rv.com\\\/fr\\\/?page_id=2184\"]}]},{\"@type\":\"BreadcrumbList\",\"@id\":\"https:\\\/\\\/route66rv.com\\\/fr\\\/?page_id=2184#breadcrumb\",\"itemListElement\":[{\"@type\":\"ListItem\",\"position\":1,\"name\":\"Home\",\"item\":\"https:\\\/\\\/route66rv.com\\\/\"},{\"@type\":\"ListItem\",\"position\":2,\"name\":\"Emplacement des concessionnaires\"}]},{\"@type\":\"WebSite\",\"@id\":\"https:\\\/\\\/route66rv.com\\\/#website\",\"url\":\"https:\\\/\\\/route66rv.com\\\/\",\"name\":\"Route 66 RV Network\",\"description\":\"Wherever the road takes you... You can count on us!\",\"publisher\":{\"@id\":\"https:\\\/\\\/route66rv.com\\\/#organization\"},\"potentialAction\":[{\"@type\":\"SearchAction\",\"target\":{\"@type\":\"EntryPoint\",\"urlTemplate\":\"https:\\\/\\\/route66rv.com\\\/?s={search_term_string}\"},\"query-input\":{\"@type\":\"PropertyValueSpecification\",\"valueRequired\":true,\"valueName\":\"search_term_string\"}}],\"inLanguage\":\"fr-FR\"},{\"@type\":\"Organization\",\"@id\":\"https:\\\/\\\/route66rv.com\\\/#organization\",\"name\":\"Route 66 RV Network\",\"url\":\"https:\\\/\\\/route66rv.com\\\/\",\"logo\":{\"@type\":\"ImageObject\",\"inLanguage\":\"fr-FR\",\"@id\":\"https:\\\/\\\/route66rv.com\\\/#\\\/schema\\\/logo\\\/image\\\/\",\"url\":\"https:\\\/\\\/route66rv.com\\\/wp-content\\\/uploads\\\/2021\\\/08\\\/r66-3d_white.png\",\"contentUrl\":\"https:\\\/\\\/route66rv.com\\\/wp-content\\\/uploads\\\/2021\\\/08\\\/r66-3d_white.png\",\"width\":539,\"height\":584,\"caption\":\"Route 66 RV Network\"},\"image\":{\"@id\":\"https:\\\/\\\/route66rv.com\\\/#\\\/schema\\\/logo\\\/image\\\/\"}}]}<\/script>\n<!-- \/ Yoast SEO plugin. -->","yoast_head_json":{"title":"Localiser un r\u00e9seau de VR Route 66 |Distributeur de VR pr\u00e8s de chez moi | Aide au voyage en VR","description":"Besoin d'aide lors de vos d\u00e9placements en Am\u00e9rique du Nord ? Trouver un concessionnaire du r\u00e9seau Route 66 RV pr\u00e8s de chez vous est devenu plus facile gr\u00e2ce \u00e0 notre localisateur de concessionnaires de v\u00e9hicules r\u00e9cr\u00e9atifs !","robots":{"index":"index","follow":"follow","max-snippet":"max-snippet:-1","max-image-preview":"max-image-preview:large","max-video-preview":"max-video-preview:-1"},"canonical":"https:\/\/route66rv.com\/fr\/?page_id=2184","og_locale":"fr_FR","og_type":"article","og_title":"Localiser un r\u00e9seau de VR Route 66 |Distributeur de VR pr\u00e8s de chez moi | Aide au voyage en VR","og_description":"Besoin d'aide lors de vos d\u00e9placements en Am\u00e9rique du Nord ? Trouver un concessionnaire du r\u00e9seau Route 66 RV pr\u00e8s de chez vous est devenu plus facile gr\u00e2ce \u00e0 notre localisateur de concessionnaires de v\u00e9hicules r\u00e9cr\u00e9atifs !","og_url":"https:\/\/route66rv.com\/fr\/?page_id=2184","og_site_name":"Route 66 RV Network","article_modified_time":"2023-06-06T21:16:57+00:00","twitter_card":"summary_large_image","schema":{"@context":"https:\/\/schema.org","@graph":[{"@type":"WebPage","@id":"https:\/\/route66rv.com\/fr\/?page_id=2184","url":"https:\/\/route66rv.com\/fr\/?page_id=2184","name":"Localiser un r\u00e9seau de VR Route 66 |Distributeur de VR pr\u00e8s de chez moi | Aide au voyage en VR","isPartOf":{"@id":"https:\/\/route66rv.com\/#website"},"datePublished":"2021-11-11T20:32:25+00:00","dateModified":"2023-06-06T21:16:57+00:00","description":"Besoin d'aide lors de vos d\u00e9placements en Am\u00e9rique du Nord ? Trouver un concessionnaire du r\u00e9seau Route 66 RV pr\u00e8s de chez vous est devenu plus facile gr\u00e2ce \u00e0 notre localisateur de concessionnaires de v\u00e9hicules r\u00e9cr\u00e9atifs !","breadcrumb":{"@id":"https:\/\/route66rv.com\/fr\/?page_id=2184#breadcrumb"},"inLanguage":"fr-FR","potentialAction":[{"@type":"ReadAction","target":["https:\/\/route66rv.com\/fr\/?page_id=2184"]}]},{"@type":"BreadcrumbList","@id":"https:\/\/route66rv.com\/fr\/?page_id=2184#breadcrumb","itemListElement":[{"@type":"ListItem","position":1,"name":"Home","item":"https:\/\/route66rv.com\/"},{"@type":"ListItem","position":2,"name":"Emplacement des concessionnaires"}]},{"@type":"WebSite","@id":"https:\/\/route66rv.com\/#website","url":"https:\/\/route66rv.com\/","name":"Route 66 RV Network","description":"Wherever the road takes you... You can count on us!","publisher":{"@id":"https:\/\/route66rv.com\/#organization"},"potentialAction":[{"@type":"SearchAction","target":{"@type":"EntryPoint","urlTemplate":"https:\/\/route66rv.com\/?s={search_term_string}"},"query-input":{"@type":"PropertyValueSpecification","valueRequired":true,"valueName":"search_term_string"}}],"inLanguage":"fr-FR"},{"@type":"Organization","@id":"https:\/\/route66rv.com\/#organization","name":"Route 66 RV Network","url":"https:\/\/route66rv.com\/","logo":{"@type":"ImageObject","inLanguage":"fr-FR","@id":"https:\/\/route66rv.com\/#\/schema\/logo\/image\/","url":"https:\/\/route66rv.com\/wp-content\/uploads\/2021\/08\/r66-3d_white.png","contentUrl":"https:\/\/route66rv.com\/wp-content\/uploads\/2021\/08\/r66-3d_white.png","width":539,"height":584,"caption":"Route 66 RV Network"},"image":{"@id":"https:\/\/route66rv.com\/#\/schema\/logo\/image\/"}}]}},"_links":{"self":[{"href":"https:\/\/route66rv.com\/fr\/wp-json\/wp\/v2\/pages\/2184","targetHints":{"allow":["GET"]}}],"collection":[{"href":"https:\/\/route66rv.com\/fr\/wp-json\/wp\/v2\/pages"}],"about":[{"href":"https:\/\/route66rv.com\/fr\/wp-json\/wp\/v2\/types\/page"}],"author":[{"embeddable":true,"href":"https:\/\/route66rv.com\/fr\/wp-json\/wp\/v2\/users\/1"}],"replies":[{"embeddable":true,"href":"https:\/\/route66rv.com\/fr\/wp-json\/wp\/v2\/comments?post=2184"}],"version-history":[{"count":0,"href":"https:\/\/route66rv.com\/fr\/wp-json\/wp\/v2\/pages\/2184\/revisions"}],"wp:attachment":[{"href":"https:\/\/route66rv.com\/fr\/wp-json\/wp\/v2\/media?parent=2184"}],"curies":[{"name":"wp","href":"https:\/\/api.w.org\/{rel}","templated":true}]}}